{"id":11740,"date":"2026-03-01T13:35:13","date_gmt":"2026-03-01T10:35:13","guid":{"rendered":"https:\/\/www.ivaperfume.com\/?post_type=product&#038;p=11740"},"modified":"2026-03-19T16:30:26","modified_gmt":"2026-03-19T13:30:26","slug":"4lu-parfum-seti","status":"publish","type":"product","link":"https:\/\/www.ivaperfume.com\/?product=4lu-parfum-seti","title":{"rendered":"4&#8217;l\u00fc Parf\u00fcm Seti"},"content":{"rendered":"<p>IVA PERFUME \u00f6zel 4&#8217;l\u00fc parf\u00fcm seti. (\u015fi\u015feler temsilidir. \u00fcr\u00fcn farkl\u0131 \u015fi\u015fede gelecektir.)<\/p>\n<p>&nbsp;<\/p>\n","protected":false},"excerpt":{"rendered":"<p>IVA PERFUME \u00f6zel 4&#8217;l\u00fc parf\u00fcm seti. (\u015fi\u015feler temsilidir. \u00fcr\u00fcn farkl\u0131 \u015fi\u015fede gelecektir.) &nbsp;<\/p>\n","protected":false},"featured_media":11741,"comment_status":"open","ping_status":"closed","template":"","meta":[],"product_brand":[131],"product_cat":[145],"product_tag":[],"class_list":{"0":"post-11740","1":"product","2":"type-product","3":"status-publish","4":"has-post-thumbnail","6":"product_brand-iva","7":"product_cat-ozel-setler","9":"first","10":"instock","11":"sale","12":"shipping-taxable","13":"purchasable","14":"product-type-simple"},"_links":{"self":[{"href":"https:\/\/www.ivaperfume.com\/index.php?rest_route=\/wp\/v2\/product\/11740","targetHints":{"allow":["GET"]}}],"collection":[{"href":"https:\/\/www.ivaperfume.com\/index.php?rest_route=\/wp\/v2\/product"}],"about":[{"href":"https:\/\/www.ivaperfume.com\/index.php?rest_route=\/wp\/v2\/types\/product"}],"replies":[{"embeddable":true,"href":"https:\/\/www.ivaperfume.com\/index.php?rest_route=%2Fwp%2Fv2%2Fcomments&post=11740"}],"version-history":[{"count":1,"href":"https:\/\/www.ivaperfume.com\/index.php?rest_route=\/wp\/v2\/product\/11740\/revisions"}],"predecessor-version":[{"id":11742,"href":"https:\/\/www.ivaperfume.com\/index.php?rest_route=\/wp\/v2\/product\/11740\/revisions\/11742"}],"wp:featuredmedia":[{"embeddable":true,"href":"https:\/\/www.ivaperfume.com\/index.php?rest_route=\/wp\/v2\/media\/11741"}],"wp:attachment":[{"href":"https:\/\/www.ivaperfume.com\/index.php?rest_route=%2Fwp%2Fv2%2Fmedia&parent=11740"}],"wp:term":[{"taxonomy":"product_brand","embeddable":true,"href":"https:\/\/www.ivaperfume.com\/index.php?rest_route=%2Fwp%2Fv2%2Fproduct_brand&post=11740"},{"taxonomy":"product_cat","embeddable":true,"href":"https:\/\/www.ivaperfume.com\/index.php?rest_route=%2Fwp%2Fv2%2Fproduct_cat&post=11740"},{"taxonomy":"product_tag","embeddable":true,"href":"https:\/\/www.ivaperfume.com\/index.php?rest_route=%2Fwp%2Fv2%2Fproduct_tag&post=11740"}],"curies":[{"name":"wp","href":"https:\/\/api.w.org\/{rel}","templated":true}]}}