{"id":11703,"date":"2025-12-30T02:22:34","date_gmt":"2025-12-29T23:22:34","guid":{"rendered":"https:\/\/www.ivaperfume.com\/?post_type=product&#038;p=11703"},"modified":"2026-03-09T15:41:04","modified_gmt":"2026-03-09T12:41:04","slug":"e-047-grand-soir","status":"publish","type":"product","link":"https:\/\/www.ivaperfume.com\/?product=e-047-grand-soir","title":{"rendered":"E 047 GRAND SOIR"},"content":{"rendered":"<p data-path-to-node=\"3\">Grand Soir, karma\u015f\u0131k ve onlarca notan\u0131n birbirine girdi\u011fi bir koku de\u011fildir; aksine, \u00e7ok kaliteli birka\u00e7 notan\u0131n kusursuz bir i\u015f\u00e7ilikle sunulmas\u0131d\u0131r.<\/p>\n<ul data-path-to-node=\"4\">\n<li>\n<p data-path-to-node=\"4,0,0\"><b data-path-to-node=\"4,0,0\" data-index-in-node=\"0\">Hissiyat:<\/b> \u0130lk s\u0131kt\u0131\u011f\u0131n andan itibaren seni saran <b data-path-to-node=\"4,0,0\" data-index-in-node=\"49\">s\u0131cak, re\u00e7ineli, tatl\u0131 ve hafif dumanl\u0131<\/b> bir havas\u0131 vard\u0131r.<\/p>\n<\/li>\n<li>\n<p data-path-to-node=\"4,1,0\"><b data-path-to-node=\"4,1,0\" data-index-in-node=\"0\">Notalar:<\/b> \u0130\u00e7indeki <b data-path-to-node=\"4,1,0\" data-index-in-node=\"18\">Labdanum<\/b> (re\u00e7ine) ona o mistik ve derin havay\u0131 verirken, <b data-path-to-node=\"4,1,0\" data-index-in-node=\"75\">Siyam Benzoin<\/b>&#8216;i ball\u0131 bir tatl\u0131l\u0131k katar. <b data-path-to-node=\"4,1,0\" data-index-in-node=\"117\">Amber ve Vanilya<\/b> ise parf\u00fcm\u00fc yumu\u015fak, l\u00fcks ve kremsi bir hale getirir.<\/p>\n<\/li>\n<li>\n<p data-path-to-node=\"4,2,0\"><b data-path-to-node=\"4,2,0\" data-index-in-node=\"0\">Geli\u015fim:<\/b> Koku teninde kuruduk\u00e7a daha da g\u00fczelle\u015fir, daha &#8220;p\u00fcr\u00fczs\u00fcz&#8221; ve kadifemsi bir hal al\u0131r.<\/p>\n<\/li>\n<\/ul>\n","protected":false},"excerpt":{"rendered":"<p>Grand Soir, karma\u015f\u0131k ve onlarca notan\u0131n birbirine girdi\u011fi bir koku de\u011fildir; aksine, \u00e7ok kaliteli birka\u00e7 notan\u0131n kusursuz bir i\u015f\u00e7ilikle sunulmas\u0131d\u0131r.<\/p>\n","protected":false},"featured_media":11704,"comment_status":"open","ping_status":"closed","template":"","meta":[],"product_brand":[131],"product_cat":[129],"product_tag":[],"class_list":{"0":"post-11703","1":"product","2":"type-product","3":"status-publish","4":"has-post-thumbnail","6":"product_brand-iva","7":"product_cat-erkek-parfumleri","9":"first","10":"instock","11":"sale","12":"shipping-taxable","13":"purchasable","14":"product-type-simple"},"_links":{"self":[{"href":"https:\/\/www.ivaperfume.com\/index.php?rest_route=\/wp\/v2\/product\/11703","targetHints":{"allow":["GET"]}}],"collection":[{"href":"https:\/\/www.ivaperfume.com\/index.php?rest_route=\/wp\/v2\/product"}],"about":[{"href":"https:\/\/www.ivaperfume.com\/index.php?rest_route=\/wp\/v2\/types\/product"}],"replies":[{"embeddable":true,"href":"https:\/\/www.ivaperfume.com\/index.php?rest_route=%2Fwp%2Fv2%2Fcomments&post=11703"}],"version-history":[{"count":1,"href":"https:\/\/www.ivaperfume.com\/index.php?rest_route=\/wp\/v2\/product\/11703\/revisions"}],"predecessor-version":[{"id":11705,"href":"https:\/\/www.ivaperfume.com\/index.php?rest_route=\/wp\/v2\/product\/11703\/revisions\/11705"}],"wp:featuredmedia":[{"embeddable":true,"href":"https:\/\/www.ivaperfume.com\/index.php?rest_route=\/wp\/v2\/media\/11704"}],"wp:attachment":[{"href":"https:\/\/www.ivaperfume.com\/index.php?rest_route=%2Fwp%2Fv2%2Fmedia&parent=11703"}],"wp:term":[{"taxonomy":"product_brand","embeddable":true,"href":"https:\/\/www.ivaperfume.com\/index.php?rest_route=%2Fwp%2Fv2%2Fproduct_brand&post=11703"},{"taxonomy":"product_cat","embeddable":true,"href":"https:\/\/www.ivaperfume.com\/index.php?rest_route=%2Fwp%2Fv2%2Fproduct_cat&post=11703"},{"taxonomy":"product_tag","embeddable":true,"href":"https:\/\/www.ivaperfume.com\/index.php?rest_route=%2Fwp%2Fv2%2Fproduct_tag&post=11703"}],"curies":[{"name":"wp","href":"https:\/\/api.w.org\/{rel}","templated":true}]}}