{"id":11693,"date":"2025-12-30T02:01:06","date_gmt":"2025-12-29T23:01:06","guid":{"rendered":"https:\/\/www.ivaperfume.com\/?post_type=product&#038;p=11693"},"modified":"2026-03-09T15:41:26","modified_gmt":"2026-03-09T12:41:26","slug":"e-047-oud-intense","status":"publish","type":"product","link":"https:\/\/www.ivaperfume.com\/?product=e-047-oud-intense","title":{"rendered":"E 047 OUD INTENSE"},"content":{"rendered":"<ul>\n<li>\n<p data-path-to-node=\"4,0,0\"><b data-path-to-node=\"4,0,0\" data-index-in-node=\"0\">A\u00e7\u0131l\u0131\u015f:<\/b> \u0130lk s\u0131kt\u0131\u011f\u0131nda seni <b data-path-to-node=\"4,0,0\" data-index-in-node=\"28\">ahududu, armut ve safran<\/b> kar\u015f\u0131lar. Bu meyveli ba\u015flang\u0131\u00e7, parf\u00fcm\u00fcn \u00e7ok sert bir giri\u015f yapmas\u0131n\u0131 engeller ve ona modern bir hava katar.<\/p>\n<\/li>\n<li>\n<p data-path-to-node=\"4,1,0\"><b data-path-to-node=\"4,1,0\" data-index-in-node=\"0\">Kalp:<\/b> Orta notalarda <b data-path-to-node=\"4,1,0\" data-index-in-node=\"21\">Bulgar g\u00fcl\u00fc ve portakal \u00e7i\u00e7e\u011fi<\/b> devreye girer. Ancak buradaki g\u00fcl, More Than Words\u2019deki kadar \u015furubumsu de\u011fil, daha &#8220;tozlu&#8221; ve &#8220;karanl\u0131k&#8221; bir g\u00fcld\u00fcr.<\/p>\n<\/li>\n<li>\n<p data-path-to-node=\"4,2,0\"><b data-path-to-node=\"4,2,0\" data-index-in-node=\"0\">Kapan\u0131\u015f:<\/b> Dipte ise parf\u00fcm\u00fcn ismini veren <b data-path-to-node=\"4,2,0\" data-index-in-node=\"41\">Oud (\u00d6d a\u011fac\u0131), Amber, Pa\u00e7uli ve Misk<\/b> bulunur. Buradaki ud notas\u0131, Black Afgano\u2019daki gibi kirli veya hayvansal de\u011fildir; daha &#8220;p\u00fcr\u00fczs\u00fcz&#8221;, l\u00fcks ve kremsidir.<\/p>\n<\/li>\n<\/ul>\n","protected":false},"excerpt":{"rendered":"<p>A\u00e7\u0131l\u0131\u015f: \u0130lk s\u0131kt\u0131\u011f\u0131nda seni ahududu, armut ve safran kar\u015f\u0131lar. Bu meyveli ba\u015flang\u0131\u00e7, parf\u00fcm\u00fcn \u00e7ok sert bir giri\u015f yapmas\u0131n\u0131 engeller ve<\/p>\n","protected":false},"featured_media":11690,"comment_status":"open","ping_status":"closed","template":"","meta":[],"product_brand":[131],"product_cat":[129],"product_tag":[],"class_list":{"0":"post-11693","1":"product","2":"type-product","3":"status-publish","4":"has-post-thumbnail","6":"product_brand-iva","7":"product_cat-erkek-parfumleri","9":"first","10":"instock","11":"sale","12":"shipping-taxable","13":"purchasable","14":"product-type-simple"},"_links":{"self":[{"href":"https:\/\/www.ivaperfume.com\/index.php?rest_route=\/wp\/v2\/product\/11693","targetHints":{"allow":["GET"]}}],"collection":[{"href":"https:\/\/www.ivaperfume.com\/index.php?rest_route=\/wp\/v2\/product"}],"about":[{"href":"https:\/\/www.ivaperfume.com\/index.php?rest_route=\/wp\/v2\/types\/product"}],"replies":[{"embeddable":true,"href":"https:\/\/www.ivaperfume.com\/index.php?rest_route=%2Fwp%2Fv2%2Fcomments&post=11693"}],"version-history":[{"count":2,"href":"https:\/\/www.ivaperfume.com\/index.php?rest_route=\/wp\/v2\/product\/11693\/revisions"}],"predecessor-version":[{"id":11697,"href":"https:\/\/www.ivaperfume.com\/index.php?rest_route=\/wp\/v2\/product\/11693\/revisions\/11697"}],"wp:featuredmedia":[{"embeddable":true,"href":"https:\/\/www.ivaperfume.com\/index.php?rest_route=\/wp\/v2\/media\/11690"}],"wp:attachment":[{"href":"https:\/\/www.ivaperfume.com\/index.php?rest_route=%2Fwp%2Fv2%2Fmedia&parent=11693"}],"wp:term":[{"taxonomy":"product_brand","embeddable":true,"href":"https:\/\/www.ivaperfume.com\/index.php?rest_route=%2Fwp%2Fv2%2Fproduct_brand&post=11693"},{"taxonomy":"product_cat","embeddable":true,"href":"https:\/\/www.ivaperfume.com\/index.php?rest_route=%2Fwp%2Fv2%2Fproduct_cat&post=11693"},{"taxonomy":"product_tag","embeddable":true,"href":"https:\/\/www.ivaperfume.com\/index.php?rest_route=%2Fwp%2Fv2%2Fproduct_tag&post=11693"}],"curies":[{"name":"wp","href":"https:\/\/api.w.org\/{rel}","templated":true}]}}