{"id":11685,"date":"2025-12-30T01:08:39","date_gmt":"2025-12-29T22:08:39","guid":{"rendered":"https:\/\/www.ivaperfume.com\/?post_type=product&#038;p=11685"},"modified":"2026-03-09T15:41:42","modified_gmt":"2026-03-09T12:41:42","slug":"e-046-halfeti","status":"publish","type":"product","link":"https:\/\/www.ivaperfume.com\/?product=e-046-halfeti","title":{"rendered":"E 046 HALFETI"},"content":{"rendered":"<p data-path-to-node=\"3\">Halfeti, \u0130ngiliz parf\u00fcm gelene\u011fi ile Orta Do\u011fu\u2019nun zengin notalar\u0131n\u0131 harika bir dengede bulu\u015fturur.<\/p>\n<ul data-path-to-node=\"4\">\n<li>\n<p data-path-to-node=\"4,0,0\"><b data-path-to-node=\"4,0,0\" data-index-in-node=\"0\">A\u00e7\u0131l\u0131\u015f:<\/b> \u0130lk s\u0131kt\u0131\u011f\u0131nda taze meyveler (greyfurt) ve ye\u015fil notalar (artemisia) hissedilir ama bu ferahl\u0131k \u00e7ok k\u0131sa s\u00fcrer. Hemen ard\u0131ndan safran ve kakulenin o s\u0131cak, baharatl\u0131 d\u00fcnyas\u0131na girersin.<\/p>\n<\/li>\n<li>\n<p data-path-to-node=\"4,1,0\"><b data-path-to-node=\"4,1,0\" data-index-in-node=\"0\">Kalp:<\/b> Burada o me\u015fhur &#8220;siyah g\u00fcl&#8221; devreye girer. Ancak bu g\u00fcl, pudral\u0131 veya kad\u0131ns\u0131 bir g\u00fcl de\u011fildir; safran ve baharatlarla harmanlanm\u0131\u015f, koyu ve mask\u00fclen tarafa yak\u0131n bir g\u00fcld\u00fcr.<\/p>\n<\/li>\n<li>\n<p data-path-to-node=\"4,2,0\"><b data-path-to-node=\"4,2,0\" data-index-in-node=\"0\">Kapan\u0131\u015f:<\/b> Dip notalarda deri, ud (oud), amber ve sedir a\u011fac\u0131 hakimdir. Bu k\u0131s\u0131m parf\u00fcme as\u0131l karakterini ve o &#8220;pahal\u0131&#8221; hissettiren derinli\u011fi verir.<\/p>\n<\/li>\n<\/ul>\n","protected":false},"excerpt":{"rendered":"<p>Halfeti, \u0130ngiliz parf\u00fcm gelene\u011fi ile Orta Do\u011fu\u2019nun zengin notalar\u0131n\u0131 harika bir dengede bulu\u015fturur. A\u00e7\u0131l\u0131\u015f: \u0130lk s\u0131kt\u0131\u011f\u0131nda taze meyveler (greyfurt) ve<\/p>\n","protected":false},"featured_media":11686,"comment_status":"open","ping_status":"closed","template":"","meta":[],"product_brand":[131],"product_cat":[129],"product_tag":[],"class_list":{"0":"post-11685","1":"product","2":"type-product","3":"status-publish","4":"has-post-thumbnail","6":"product_brand-iva","7":"product_cat-erkek-parfumleri","9":"first","10":"instock","11":"sale","12":"shipping-taxable","13":"purchasable","14":"product-type-simple"},"_links":{"self":[{"href":"https:\/\/www.ivaperfume.com\/index.php?rest_route=\/wp\/v2\/product\/11685","targetHints":{"allow":["GET"]}}],"collection":[{"href":"https:\/\/www.ivaperfume.com\/index.php?rest_route=\/wp\/v2\/product"}],"about":[{"href":"https:\/\/www.ivaperfume.com\/index.php?rest_route=\/wp\/v2\/types\/product"}],"replies":[{"embeddable":true,"href":"https:\/\/www.ivaperfume.com\/index.php?rest_route=%2Fwp%2Fv2%2Fcomments&post=11685"}],"version-history":[{"count":2,"href":"https:\/\/www.ivaperfume.com\/index.php?rest_route=\/wp\/v2\/product\/11685\/revisions"}],"predecessor-version":[{"id":11688,"href":"https:\/\/www.ivaperfume.com\/index.php?rest_route=\/wp\/v2\/product\/11685\/revisions\/11688"}],"wp:featuredmedia":[{"embeddable":true,"href":"https:\/\/www.ivaperfume.com\/index.php?rest_route=\/wp\/v2\/media\/11686"}],"wp:attachment":[{"href":"https:\/\/www.ivaperfume.com\/index.php?rest_route=%2Fwp%2Fv2%2Fmedia&parent=11685"}],"wp:term":[{"taxonomy":"product_brand","embeddable":true,"href":"https:\/\/www.ivaperfume.com\/index.php?rest_route=%2Fwp%2Fv2%2Fproduct_brand&post=11685"},{"taxonomy":"product_cat","embeddable":true,"href":"https:\/\/www.ivaperfume.com\/index.php?rest_route=%2Fwp%2Fv2%2Fproduct_cat&post=11685"},{"taxonomy":"product_tag","embeddable":true,"href":"https:\/\/www.ivaperfume.com\/index.php?rest_route=%2Fwp%2Fv2%2Fproduct_tag&post=11685"}],"curies":[{"name":"wp","href":"https:\/\/api.w.org\/{rel}","templated":true}]}}