{"id":11679,"date":"2025-12-30T00:54:14","date_gmt":"2025-12-29T21:54:14","guid":{"rendered":"https:\/\/www.ivaperfume.com\/?post_type=product&#038;p=11679"},"modified":"2026-03-09T15:42:01","modified_gmt":"2026-03-09T12:42:01","slug":"e-044-black-afgano","status":"publish","type":"product","link":"https:\/\/www.ivaperfume.com\/?product=e-044-black-afgano","title":{"rendered":"E 044 BLACK AFGANO"},"content":{"rendered":"<p data-path-to-node=\"3\">Black Afgano, piyasadaki &#8220;temiz&#8221; veya &#8220;taze&#8221; kokular\u0131n tam z\u0131tt\u0131d\u0131r.<\/p>\n<ul data-path-to-node=\"4\">\n<li>\n<p data-path-to-node=\"4,0,0\"><b data-path-to-node=\"4,0,0\" data-index-in-node=\"0\">A\u00e7\u0131l\u0131\u015f:<\/b> \u0130lk s\u0131kt\u0131\u011f\u0131nda seni yo\u011fun bir ye\u015fil bitki (kenevir notas\u0131) ve a\u011f\u0131r bir duman kar\u015f\u0131lar. Ancak bu &#8220;ye\u015fil&#8221; koku ferah de\u011fil, olduk\u00e7a kirli ve karanl\u0131kt\u0131r.<\/p>\n<\/li>\n<li>\n<p data-path-to-node=\"4,1,0\"><b data-path-to-node=\"4,1,0\" data-index-in-node=\"0\">Geli\u015fim:<\/b> Orta notalarda re\u00e7ine, odunsu notalar, kahve ve t\u00fct\u00fcn birle\u015ferek yo\u011fun bir katran havas\u0131 yarat\u0131r.<\/p>\n<\/li>\n<li>\n<p data-path-to-node=\"4,2,0\"><b data-path-to-node=\"4,2,0\" data-index-in-node=\"0\">Kapan\u0131\u015f:<\/b> Dip notalarda ise t\u00fcts\u00fc ve ud (oud) bask\u0131nl\u0131\u011f\u0131 ele al\u0131r. \u00c7ok zengin, yo\u011fun ve neredeyse &#8220;yap\u0131\u015fkan&#8221; bir dokusu vard\u0131r.<\/p>\n<\/li>\n<\/ul>\n","protected":false},"excerpt":{"rendered":"<p>Black Afgano, piyasadaki &#8220;temiz&#8221; veya &#8220;taze&#8221; kokular\u0131n tam z\u0131tt\u0131d\u0131r. A\u00e7\u0131l\u0131\u015f: \u0130lk s\u0131kt\u0131\u011f\u0131nda seni yo\u011fun bir ye\u015fil bitki (kenevir notas\u0131) ve<\/p>\n","protected":false},"featured_media":11680,"comment_status":"open","ping_status":"closed","template":"","meta":[],"product_brand":[131],"product_cat":[129],"product_tag":[],"class_list":{"0":"post-11679","1":"product","2":"type-product","3":"status-publish","4":"has-post-thumbnail","6":"product_brand-iva","7":"product_cat-erkek-parfumleri","9":"first","10":"instock","11":"sale","12":"shipping-taxable","13":"purchasable","14":"product-type-simple"},"_links":{"self":[{"href":"https:\/\/www.ivaperfume.com\/index.php?rest_route=\/wp\/v2\/product\/11679","targetHints":{"allow":["GET"]}}],"collection":[{"href":"https:\/\/www.ivaperfume.com\/index.php?rest_route=\/wp\/v2\/product"}],"about":[{"href":"https:\/\/www.ivaperfume.com\/index.php?rest_route=\/wp\/v2\/types\/product"}],"replies":[{"embeddable":true,"href":"https:\/\/www.ivaperfume.com\/index.php?rest_route=%2Fwp%2Fv2%2Fcomments&post=11679"}],"version-history":[{"count":1,"href":"https:\/\/www.ivaperfume.com\/index.php?rest_route=\/wp\/v2\/product\/11679\/revisions"}],"predecessor-version":[{"id":11681,"href":"https:\/\/www.ivaperfume.com\/index.php?rest_route=\/wp\/v2\/product\/11679\/revisions\/11681"}],"wp:featuredmedia":[{"embeddable":true,"href":"https:\/\/www.ivaperfume.com\/index.php?rest_route=\/wp\/v2\/media\/11680"}],"wp:attachment":[{"href":"https:\/\/www.ivaperfume.com\/index.php?rest_route=%2Fwp%2Fv2%2Fmedia&parent=11679"}],"wp:term":[{"taxonomy":"product_brand","embeddable":true,"href":"https:\/\/www.ivaperfume.com\/index.php?rest_route=%2Fwp%2Fv2%2Fproduct_brand&post=11679"},{"taxonomy":"product_cat","embeddable":true,"href":"https:\/\/www.ivaperfume.com\/index.php?rest_route=%2Fwp%2Fv2%2Fproduct_cat&post=11679"},{"taxonomy":"product_tag","embeddable":true,"href":"https:\/\/www.ivaperfume.com\/index.php?rest_route=%2Fwp%2Fv2%2Fproduct_tag&post=11679"}],"curies":[{"name":"wp","href":"https:\/\/api.w.org\/{rel}","templated":true}]}}