{"id":11676,"date":"2025-12-30T00:49:26","date_gmt":"2025-12-29T21:49:26","guid":{"rendered":"https:\/\/www.ivaperfume.com\/?post_type=product&#038;p=11676"},"modified":"2026-03-09T15:42:11","modified_gmt":"2026-03-09T12:42:11","slug":"e-043-interlude","status":"publish","type":"product","link":"https:\/\/www.ivaperfume.com\/?product=e-043-interlude","title":{"rendered":"E 043 INTERLUDE"},"content":{"rendered":"<p data-path-to-node=\"2\">Interlude, isminin hakk\u0131n\u0131 veren bir yap\u0131ya sahip. Parf\u00fcm\u00fcn yarat\u0131c\u0131s\u0131 Pierre Negrin, bu kokuyu hayat\u0131n karma\u015fas\u0131 i\u00e7inde bulunan bir huzur an\u0131 olarak tan\u0131mlar.<\/p>\n<ul data-path-to-node=\"3\">\n<li>\n<p data-path-to-node=\"3,0,0\"><b data-path-to-node=\"3,0,0\" data-index-in-node=\"0\">A\u00e7\u0131l\u0131\u015f:<\/b> \u00c7ok sert, dumanl\u0131 ve baharatl\u0131d\u0131r. Kekik ve pimentonun (yenibahar) keskinli\u011fi ilk s\u0131kt\u0131\u011f\u0131n an y\u00fcz\u00fcne \u00e7arpabilir.<\/p>\n<\/li>\n<li>\n<p data-path-to-node=\"3,1,0\"><b data-path-to-node=\"3,1,0\" data-index-in-node=\"0\">Kalp ve Dip:<\/b> Zaman ge\u00e7tik\u00e7e koku evrilir. Amber, t\u00fcts\u00fc ve m\u00fcr re\u00e7inesinin o mistik, tap\u0131naklar\u0131 and\u0131ran havas\u0131 devreye girer. En altta ise deri ve ud notalar\u0131yla inan\u0131lmaz bir derinlik kazan\u0131r.<\/p>\n<\/li>\n<\/ul>\n","protected":false},"excerpt":{"rendered":"<p>Interlude, isminin hakk\u0131n\u0131 veren bir yap\u0131ya sahip. Parf\u00fcm\u00fcn yarat\u0131c\u0131s\u0131 Pierre Negrin, bu kokuyu hayat\u0131n karma\u015fas\u0131 i\u00e7inde bulunan bir huzur an\u0131<\/p>\n","protected":false},"featured_media":11677,"comment_status":"open","ping_status":"closed","template":"","meta":[],"product_brand":[131],"product_cat":[129],"product_tag":[],"class_list":{"0":"post-11676","1":"product","2":"type-product","3":"status-publish","4":"has-post-thumbnail","6":"product_brand-iva","7":"product_cat-erkek-parfumleri","9":"first","10":"instock","11":"sale","12":"shipping-taxable","13":"purchasable","14":"product-type-simple"},"_links":{"self":[{"href":"https:\/\/www.ivaperfume.com\/index.php?rest_route=\/wp\/v2\/product\/11676","targetHints":{"allow":["GET"]}}],"collection":[{"href":"https:\/\/www.ivaperfume.com\/index.php?rest_route=\/wp\/v2\/product"}],"about":[{"href":"https:\/\/www.ivaperfume.com\/index.php?rest_route=\/wp\/v2\/types\/product"}],"replies":[{"embeddable":true,"href":"https:\/\/www.ivaperfume.com\/index.php?rest_route=%2Fwp%2Fv2%2Fcomments&post=11676"}],"version-history":[{"count":1,"href":"https:\/\/www.ivaperfume.com\/index.php?rest_route=\/wp\/v2\/product\/11676\/revisions"}],"predecessor-version":[{"id":11678,"href":"https:\/\/www.ivaperfume.com\/index.php?rest_route=\/wp\/v2\/product\/11676\/revisions\/11678"}],"wp:featuredmedia":[{"embeddable":true,"href":"https:\/\/www.ivaperfume.com\/index.php?rest_route=\/wp\/v2\/media\/11677"}],"wp:attachment":[{"href":"https:\/\/www.ivaperfume.com\/index.php?rest_route=%2Fwp%2Fv2%2Fmedia&parent=11676"}],"wp:term":[{"taxonomy":"product_brand","embeddable":true,"href":"https:\/\/www.ivaperfume.com\/index.php?rest_route=%2Fwp%2Fv2%2Fproduct_brand&post=11676"},{"taxonomy":"product_cat","embeddable":true,"href":"https:\/\/www.ivaperfume.com\/index.php?rest_route=%2Fwp%2Fv2%2Fproduct_cat&post=11676"},{"taxonomy":"product_tag","embeddable":true,"href":"https:\/\/www.ivaperfume.com\/index.php?rest_route=%2Fwp%2Fv2%2Fproduct_tag&post=11676"}],"curies":[{"name":"wp","href":"https:\/\/api.w.org\/{rel}","templated":true}]}}