{"id":11652,"date":"2025-12-29T01:32:19","date_gmt":"2025-12-28T22:32:19","guid":{"rendered":"https:\/\/www.ivaperfume.com\/?post_type=product&#038;p=11652"},"modified":"2026-03-09T15:42:20","modified_gmt":"2026-03-09T12:42:20","slug":"e-042-aventus-absolu","status":"publish","type":"product","link":"https:\/\/www.ivaperfume.com\/?product=e-042-aventus-absolu","title":{"rendered":"E 042 AVENTUS ABSOLU"},"content":{"rendered":"<ul>\n<li>\n<p data-path-to-node=\"7,0,0\"><b data-path-to-node=\"7,0,0\" data-index-in-node=\"0\">\u00dcst Notalar:<\/b> Greyfurt, Bergamot, Frenk \u00dcz\u00fcm\u00fc (Keskin ve enerjik bir a\u00e7\u0131l\u0131\u015f).<\/p>\n<\/li>\n<li>\n<p data-path-to-node=\"7,1,0\"><b data-path-to-node=\"7,1,0\" data-index-in-node=\"0\">Orta Notalar:<\/b> Zencefil, Tar\u00e7\u0131n, Kakule, Sitron (S\u0131cak, baharatl\u0131 ve mask\u00fclen).<\/p>\n<\/li>\n<li>\n<p data-path-to-node=\"7,2,0\"><b data-path-to-node=\"7,2,0\" data-index-in-node=\"0\">Alt Notalar:<\/b> Pembe Biber, Pa\u00e7uli, Vetiver (D\u00fcnyevi, odunsu ve \u00e7ok kal\u0131c\u0131 bir kapan\u0131\u015f).<\/p>\n<\/li>\n<\/ul>\n","protected":false},"excerpt":{"rendered":"<p>\u00dcst Notalar: Greyfurt, Bergamot, Frenk \u00dcz\u00fcm\u00fc (Keskin ve enerjik bir a\u00e7\u0131l\u0131\u015f). Orta Notalar: Zencefil, Tar\u00e7\u0131n, Kakule, Sitron (S\u0131cak, baharatl\u0131 ve<\/p>\n","protected":false},"featured_media":11645,"comment_status":"open","ping_status":"closed","template":"","meta":[],"product_brand":[131],"product_cat":[129],"product_tag":[],"class_list":{"0":"post-11652","1":"product","2":"type-product","3":"status-publish","4":"has-post-thumbnail","6":"product_brand-iva","7":"product_cat-erkek-parfumleri","9":"first","10":"instock","11":"sale","12":"shipping-taxable","13":"purchasable","14":"product-type-simple"},"_links":{"self":[{"href":"https:\/\/www.ivaperfume.com\/index.php?rest_route=\/wp\/v2\/product\/11652","targetHints":{"allow":["GET"]}}],"collection":[{"href":"https:\/\/www.ivaperfume.com\/index.php?rest_route=\/wp\/v2\/product"}],"about":[{"href":"https:\/\/www.ivaperfume.com\/index.php?rest_route=\/wp\/v2\/types\/product"}],"replies":[{"embeddable":true,"href":"https:\/\/www.ivaperfume.com\/index.php?rest_route=%2Fwp%2Fv2%2Fcomments&post=11652"}],"version-history":[{"count":1,"href":"https:\/\/www.ivaperfume.com\/index.php?rest_route=\/wp\/v2\/product\/11652\/revisions"}],"predecessor-version":[{"id":11653,"href":"https:\/\/www.ivaperfume.com\/index.php?rest_route=\/wp\/v2\/product\/11652\/revisions\/11653"}],"wp:featuredmedia":[{"embeddable":true,"href":"https:\/\/www.ivaperfume.com\/index.php?rest_route=\/wp\/v2\/media\/11645"}],"wp:attachment":[{"href":"https:\/\/www.ivaperfume.com\/index.php?rest_route=%2Fwp%2Fv2%2Fmedia&parent=11652"}],"wp:term":[{"taxonomy":"product_brand","embeddable":true,"href":"https:\/\/www.ivaperfume.com\/index.php?rest_route=%2Fwp%2Fv2%2Fproduct_brand&post=11652"},{"taxonomy":"product_cat","embeddable":true,"href":"https:\/\/www.ivaperfume.com\/index.php?rest_route=%2Fwp%2Fv2%2Fproduct_cat&post=11652"},{"taxonomy":"product_tag","embeddable":true,"href":"https:\/\/www.ivaperfume.com\/index.php?rest_route=%2Fwp%2Fv2%2Fproduct_tag&post=11652"}],"curies":[{"name":"wp","href":"https:\/\/api.w.org\/{rel}","templated":true}]}}