{"id":11644,"date":"2025-12-29T01:24:47","date_gmt":"2025-12-28T22:24:47","guid":{"rendered":"https:\/\/www.ivaperfume.com\/?post_type=product&#038;p=11644"},"modified":"2026-03-19T16:30:52","modified_gmt":"2026-03-19T13:30:52","slug":"e-041-tuxedo","status":"publish","type":"product","link":"https:\/\/www.ivaperfume.com\/?product=e-041-tuxedo","title":{"rendered":"E 041 TUXEDO"},"content":{"rendered":"<ul data-path-to-node=\"3\">\n<li>\n<p data-path-to-node=\"3,0,0\"><b data-path-to-node=\"3,0,0\" data-index-in-node=\"0\">\u00dcst Notalar:<\/b> Menek\u015fe Yapra\u011f\u0131, Bergamot, Ki\u015fni\u015f.<\/p>\n<ul data-path-to-node=\"3,0,1\">\n<li>\n<p data-path-to-node=\"3,0,1,0,0\"><i data-path-to-node=\"3,0,1,0,0\" data-index-in-node=\"0\">Hissiyat:<\/i> A\u00e7\u0131l\u0131\u015fta ferah ama hafif ye\u015fil bir dokunu\u015fla ba\u015flar. Ki\u015fni\u015f, parf\u00fcme daha ilk saniyeden o baharatl\u0131 ciddiyeti verir.<\/p>\n<\/li>\n<\/ul>\n<\/li>\n<li>\n<p data-path-to-node=\"3,1,0\"><b data-path-to-node=\"3,1,0\" data-index-in-node=\"0\">Orta Notalar:<\/b> G\u00fcl, Karabiber, Vadi Zamba\u011f\u0131.<\/p>\n<ul data-path-to-node=\"3,1,1\">\n<li>\n<p data-path-to-node=\"3,1,1,0,0\"><i data-path-to-node=\"3,1,1,0,0\" data-index-in-node=\"0\">Hissiyat:<\/i> Buradaki g\u00fcl, kad\u0131ns\u0131 bir g\u00fcl de\u011fil; karabiberle birle\u015fmi\u015f, sert ve metalik bir g\u00fcld\u00fcr. Parf\u00fcme derinlik ve karakter katan ana b\u00f6l\u00fcm buras\u0131d\u0131r.<\/p>\n<\/li>\n<\/ul>\n<\/li>\n<li>\n<p data-path-to-node=\"3,2,0\"><b data-path-to-node=\"3,2,0\" data-index-in-node=\"0\">Alt Notalar:<\/b> Pa\u00e7uli (Ambergris Akoruyla beraber), Ambergris, Bourbon Vanilya.<\/p>\n<ul data-path-to-node=\"3,2,1\">\n<li>\n<p data-path-to-node=\"3,2,1,0,0\"><i data-path-to-node=\"3,2,1,0,0\" data-index-in-node=\"0\">Hissiyat:<\/i> Parf\u00fcm\u00fcn as\u0131l imza k\u0131sm\u0131 buras\u0131d\u0131r. Pa\u00e7ulinin topraks\u0131 yap\u0131s\u0131, vanilyan\u0131n kremsi tatl\u0131l\u0131\u011f\u0131 ve ambergrisin tuzlu\/s\u0131cak havas\u0131 birle\u015ferek &#8220;l\u00fcks&#8221; bir biti\u015f sa\u011flar.<\/p>\n<\/li>\n<\/ul>\n<\/li>\n<\/ul>\n","protected":false},"excerpt":{"rendered":"<p>\u00dcst Notalar: Menek\u015fe Yapra\u011f\u0131, Bergamot, Ki\u015fni\u015f. Hissiyat: A\u00e7\u0131l\u0131\u015fta ferah ama hafif ye\u015fil bir dokunu\u015fla ba\u015flar. Ki\u015fni\u015f, parf\u00fcme daha ilk saniyeden<\/p>\n","protected":false},"featured_media":11648,"comment_status":"open","ping_status":"closed","template":"","meta":[],"product_brand":[131],"product_cat":[129],"product_tag":[],"class_list":{"0":"post-11644","1":"product","2":"type-product","3":"status-publish","4":"has-post-thumbnail","6":"product_brand-iva","7":"product_cat-erkek-parfumleri","9":"first","10":"instock","11":"sale","12":"shipping-taxable","13":"purchasable","14":"product-type-simple"},"_links":{"self":[{"href":"https:\/\/www.ivaperfume.com\/index.php?rest_route=\/wp\/v2\/product\/11644","targetHints":{"allow":["GET"]}}],"collection":[{"href":"https:\/\/www.ivaperfume.com\/index.php?rest_route=\/wp\/v2\/product"}],"about":[{"href":"https:\/\/www.ivaperfume.com\/index.php?rest_route=\/wp\/v2\/types\/product"}],"replies":[{"embeddable":true,"href":"https:\/\/www.ivaperfume.com\/index.php?rest_route=%2Fwp%2Fv2%2Fcomments&post=11644"}],"version-history":[{"count":4,"href":"https:\/\/www.ivaperfume.com\/index.php?rest_route=\/wp\/v2\/product\/11644\/revisions"}],"predecessor-version":[{"id":11651,"href":"https:\/\/www.ivaperfume.com\/index.php?rest_route=\/wp\/v2\/product\/11644\/revisions\/11651"}],"wp:featuredmedia":[{"embeddable":true,"href":"https:\/\/www.ivaperfume.com\/index.php?rest_route=\/wp\/v2\/media\/11648"}],"wp:attachment":[{"href":"https:\/\/www.ivaperfume.com\/index.php?rest_route=%2Fwp%2Fv2%2Fmedia&parent=11644"}],"wp:term":[{"taxonomy":"product_brand","embeddable":true,"href":"https:\/\/www.ivaperfume.com\/index.php?rest_route=%2Fwp%2Fv2%2Fproduct_brand&post=11644"},{"taxonomy":"product_cat","embeddable":true,"href":"https:\/\/www.ivaperfume.com\/index.php?rest_route=%2Fwp%2Fv2%2Fproduct_cat&post=11644"},{"taxonomy":"product_tag","embeddable":true,"href":"https:\/\/www.ivaperfume.com\/index.php?rest_route=%2Fwp%2Fv2%2Fproduct_tag&post=11644"}],"curies":[{"name":"wp","href":"https:\/\/api.w.org\/{rel}","templated":true}]}}