{"id":11639,"date":"2025-12-29T01:16:13","date_gmt":"2025-12-28T22:16:13","guid":{"rendered":"https:\/\/www.ivaperfume.com\/?post_type=product&#038;p=11639"},"modified":"2026-03-19T16:31:00","modified_gmt":"2026-03-19T13:31:00","slug":"e-031-hibiscus","status":"publish","type":"product","link":"https:\/\/www.ivaperfume.com\/?product=e-031-hibiscus","title":{"rendered":"U 015 H\u0130B\u0130SCUS"},"content":{"rendered":"<p data-path-to-node=\"3\">Hibiscus\u2019un kendisi asl\u0131nda \u00e7ok bask\u0131n bir kokuya sahip de\u011fildir; ancak parf\u00fcm\u00f6rler bu notay\u0131 genellikle <b data-path-to-node=\"3\" data-index-in-node=\"105\">&#8220;K\u0131rm\u0131z\u0131 Meyvemsi ve Mayho\u015f&#8221;<\/b> bir akor olu\u015fturmak i\u00e7in kullan\u0131rlar.<\/p>\n<ul data-path-to-node=\"4\">\n<li>\n<p data-path-to-node=\"4,0,0\"><b data-path-to-node=\"4,0,0\" data-index-in-node=\"0\">Mayho\u015f ve Canl\u0131:<\/b> T\u0131pk\u0131 Hibiscus \u00e7ay\u0131 gibi, hafif ek\u015fimsi, k\u0131rm\u0131z\u0131 meyveleri (frenk \u00fcz\u00fcm\u00fc veya nar gibi) and\u0131ran ferahlat\u0131c\u0131 bir havas\u0131 vard\u0131r.<\/p>\n<\/li>\n<li>\n<p data-path-to-node=\"4,1,0\"><b data-path-to-node=\"4,1,0\" data-index-in-node=\"0\">Egzotik ve G\u00fcne\u015fli:<\/b> Tropikal bir his uyand\u0131r\u0131r ama hindistan cevizi gibi bay\u0131c\u0131 bir tatl\u0131l\u0131kta de\u011fil, daha \u00e7ok g\u00fcne\u015fin alt\u0131ndaki canl\u0131 bir \u00e7i\u00e7ek bah\u00e7esi gibidir.<\/p>\n<\/li>\n<li>\n<p data-path-to-node=\"4,2,0\"><b data-path-to-node=\"4,2,0\" data-index-in-node=\"0\">Kadifemsi Dokunu\u015f:<\/b> Kuruduk\u00e7a tene daha yumu\u015fak, hafif pudral\u0131 ama her zaman &#8220;k\u0131rm\u0131z\u0131&#8221; hissettiren bir doku b\u0131rak\u0131r.<\/p>\n<\/li>\n<\/ul>\n","protected":false},"excerpt":{"rendered":"<p>Hibiscus\u2019un kendisi asl\u0131nda \u00e7ok bask\u0131n bir kokuya sahip de\u011fildir; ancak parf\u00fcm\u00f6rler bu notay\u0131 genellikle &#8220;K\u0131rm\u0131z\u0131 Meyvemsi ve Mayho\u015f&#8221; bir akor<\/p>\n","protected":false},"featured_media":11640,"comment_status":"open","ping_status":"closed","template":"","meta":[],"product_brand":[131],"product_cat":[146],"product_tag":[],"class_list":{"0":"post-11639","1":"product","2":"type-product","3":"status-publish","4":"has-post-thumbnail","6":"product_brand-iva","7":"product_cat-unisex-parfumler","9":"first","10":"instock","11":"sale","12":"shipping-taxable","13":"purchasable","14":"product-type-simple"},"_links":{"self":[{"href":"https:\/\/www.ivaperfume.com\/index.php?rest_route=\/wp\/v2\/product\/11639","targetHints":{"allow":["GET"]}}],"collection":[{"href":"https:\/\/www.ivaperfume.com\/index.php?rest_route=\/wp\/v2\/product"}],"about":[{"href":"https:\/\/www.ivaperfume.com\/index.php?rest_route=\/wp\/v2\/types\/product"}],"replies":[{"embeddable":true,"href":"https:\/\/www.ivaperfume.com\/index.php?rest_route=%2Fwp%2Fv2%2Fcomments&post=11639"}],"version-history":[{"count":3,"href":"https:\/\/www.ivaperfume.com\/index.php?rest_route=\/wp\/v2\/product\/11639\/revisions"}],"predecessor-version":[{"id":11643,"href":"https:\/\/www.ivaperfume.com\/index.php?rest_route=\/wp\/v2\/product\/11639\/revisions\/11643"}],"wp:featuredmedia":[{"embeddable":true,"href":"https:\/\/www.ivaperfume.com\/index.php?rest_route=\/wp\/v2\/media\/11640"}],"wp:attachment":[{"href":"https:\/\/www.ivaperfume.com\/index.php?rest_route=%2Fwp%2Fv2%2Fmedia&parent=11639"}],"wp:term":[{"taxonomy":"product_brand","embeddable":true,"href":"https:\/\/www.ivaperfume.com\/index.php?rest_route=%2Fwp%2Fv2%2Fproduct_brand&post=11639"},{"taxonomy":"product_cat","embeddable":true,"href":"https:\/\/www.ivaperfume.com\/index.php?rest_route=%2Fwp%2Fv2%2Fproduct_cat&post=11639"},{"taxonomy":"product_tag","embeddable":true,"href":"https:\/\/www.ivaperfume.com\/index.php?rest_route=%2Fwp%2Fv2%2Fproduct_tag&post=11639"}],"curies":[{"name":"wp","href":"https:\/\/api.w.org\/{rel}","templated":true}]}}