{"id":11628,"date":"2025-12-28T02:26:11","date_gmt":"2025-12-27T23:26:11","guid":{"rendered":"https:\/\/www.ivaperfume.com\/?post_type=product&#038;p=11628"},"modified":"2026-03-19T16:31:13","modified_gmt":"2026-03-19T13:31:13","slug":"e-039-side-effect","status":"publish","type":"product","link":"https:\/\/www.ivaperfume.com\/?product=e-039-side-effect","title":{"rendered":"E 039 S\u0130DE EFFECT"},"content":{"rendered":"<p data-path-to-node=\"3\">Side Effect, olduk\u00e7a s\u0131cak, zengin ve l\u00fcks hissettiren bir yap\u0131ya sahiptir. \u0130\u00e7eri\u011finde a\u00e7\u0131klanan notalar basit g\u00f6r\u00fcnse de (Rom, T\u00fct\u00fcn, Vanilya, Tar\u00e7\u0131n ve Safran) birle\u015fimi olduk\u00e7a karma\u015f\u0131kt\u0131r.<\/p>\n<ul data-path-to-node=\"4\">\n<li>\n<p data-path-to-node=\"4,0,0\"><b data-path-to-node=\"4,0,0\" data-index-in-node=\"0\">A\u00e7\u0131l\u0131\u015f:<\/b> \u0130lk s\u0131kt\u0131\u011f\u0131n\u0131zda keskin ama tatl\u0131 bir <b data-path-to-node=\"4,0,0\" data-index-in-node=\"46\">rom<\/b> ve <b data-path-to-node=\"4,0,0\" data-index-in-node=\"53\">tar\u00e7\u0131n<\/b> etkisi hissedilir. Bu, kokuya hafif alkoll\u00fc ve &#8220;boozy&#8221; (i\u00e7kimsi) bir ba\u015flang\u0131\u00e7 katar.<\/p>\n<\/li>\n<li>\n<p data-path-to-node=\"4,1,0\"><b data-path-to-node=\"4,1,0\" data-index-in-node=\"0\">Kalp ve Dip:<\/b> Zamanla <b data-path-to-node=\"4,1,0\" data-index-in-node=\"21\">t\u00fct\u00fcn<\/b> ve <b data-path-to-node=\"4,1,0\" data-index-in-node=\"30\">vanilya<\/b> \u00f6n plana \u00e7\u0131kar. Buradaki t\u00fct\u00fcn, sigara duman\u0131 gibi de\u011fil, kaliteli bir puro yapra\u011f\u0131 gibi kuru ve tatl\u0131d\u0131r. Vanilya ise ona kremsi bir yumu\u015fakl\u0131k verir.<\/p>\n<\/li>\n<\/ul>\n","protected":false},"excerpt":{"rendered":"<p>Side Effect, olduk\u00e7a s\u0131cak, zengin ve l\u00fcks hissettiren bir yap\u0131ya sahiptir. \u0130\u00e7eri\u011finde a\u00e7\u0131klanan notalar basit g\u00f6r\u00fcnse de (Rom, T\u00fct\u00fcn, Vanilya,<\/p>\n","protected":false},"featured_media":11629,"comment_status":"open","ping_status":"closed","template":"","meta":[],"product_brand":[131],"product_cat":[129],"product_tag":[],"class_list":{"0":"post-11628","1":"product","2":"type-product","3":"status-publish","4":"has-post-thumbnail","6":"product_brand-iva","7":"product_cat-erkek-parfumleri","9":"first","10":"instock","11":"sale","12":"shipping-taxable","13":"purchasable","14":"product-type-simple"},"_links":{"self":[{"href":"https:\/\/www.ivaperfume.com\/index.php?rest_route=\/wp\/v2\/product\/11628","targetHints":{"allow":["GET"]}}],"collection":[{"href":"https:\/\/www.ivaperfume.com\/index.php?rest_route=\/wp\/v2\/product"}],"about":[{"href":"https:\/\/www.ivaperfume.com\/index.php?rest_route=\/wp\/v2\/types\/product"}],"replies":[{"embeddable":true,"href":"https:\/\/www.ivaperfume.com\/index.php?rest_route=%2Fwp%2Fv2%2Fcomments&post=11628"}],"version-history":[{"count":1,"href":"https:\/\/www.ivaperfume.com\/index.php?rest_route=\/wp\/v2\/product\/11628\/revisions"}],"predecessor-version":[{"id":11630,"href":"https:\/\/www.ivaperfume.com\/index.php?rest_route=\/wp\/v2\/product\/11628\/revisions\/11630"}],"wp:featuredmedia":[{"embeddable":true,"href":"https:\/\/www.ivaperfume.com\/index.php?rest_route=\/wp\/v2\/media\/11629"}],"wp:attachment":[{"href":"https:\/\/www.ivaperfume.com\/index.php?rest_route=%2Fwp%2Fv2%2Fmedia&parent=11628"}],"wp:term":[{"taxonomy":"product_brand","embeddable":true,"href":"https:\/\/www.ivaperfume.com\/index.php?rest_route=%2Fwp%2Fv2%2Fproduct_brand&post=11628"},{"taxonomy":"product_cat","embeddable":true,"href":"https:\/\/www.ivaperfume.com\/index.php?rest_route=%2Fwp%2Fv2%2Fproduct_cat&post=11628"},{"taxonomy":"product_tag","embeddable":true,"href":"https:\/\/www.ivaperfume.com\/index.php?rest_route=%2Fwp%2Fv2%2Fproduct_tag&post=11628"}],"curies":[{"name":"wp","href":"https:\/\/api.w.org\/{rel}","templated":true}]}}