{"id":11496,"date":"2025-10-24T14:54:28","date_gmt":"2025-10-24T11:54:28","guid":{"rendered":"https:\/\/www.ivaperfume.com\/?post_type=product&#038;p=11496"},"modified":"2026-03-19T16:32:09","modified_gmt":"2026-03-19T13:32:09","slug":"e-035-afterdark","status":"publish","type":"product","link":"https:\/\/www.ivaperfume.com\/?product=e-035-afterdark","title":{"rendered":"E 036 LE BEAU"},"content":{"rendered":"<p data-path-to-node=\"3\">Le Beau, basit ama inan\u0131lmaz etkili bir kompozisyona sahiptir. Koklad\u0131\u011f\u0131n\u0131zda akl\u0131n\u0131za direkt gelen \u015fey: <b data-path-to-node=\"3\" data-index-in-node=\"105\">&#8220;Hindistan cevizli bir kokteyl ve g\u00fcne\u015fli bir plaj.&#8221;<\/b><\/p>\n<ul data-path-to-node=\"4\">\n<li>\n<p data-path-to-node=\"4,0,0\"><b data-path-to-node=\"4,0,0\" data-index-in-node=\"0\">A\u00e7\u0131l\u0131\u015f:<\/b> \u00c7ok taze ve enerjik bir bergamotla ba\u015flar.<\/p>\n<\/li>\n<li>\n<p data-path-to-node=\"4,1,0\"><b data-path-to-node=\"4,1,0\" data-index-in-node=\"0\">Geli\u015fim:<\/b> K\u0131sa s\u00fcre sonra parf\u00fcm\u00fcn y\u0131ld\u0131z\u0131 olan hindistan cevizi odunu ortaya \u00e7\u0131kar. Bu, kremsi bir tatl\u0131l\u0131k de\u011fil, daha \u00e7ok mask\u00fclen ve odunsu bir hindistan cevizi hissidir.<\/p>\n<\/li>\n<li>\n<p data-path-to-node=\"4,2,0\"><b data-path-to-node=\"4,2,0\" data-index-in-node=\"0\">Kapan\u0131\u015f:<\/b> Dip notadaki tonka fasulyesi, parf\u00fcme o me\u015fhur &#8220;vanilyams\u0131&#8221; s\u0131cakl\u0131\u011f\u0131 ve kal\u0131c\u0131l\u0131\u011f\u0131 verir.<\/p>\n<\/li>\n<\/ul>\n","protected":false},"excerpt":{"rendered":"<p>Le Beau, basit ama inan\u0131lmaz etkili bir kompozisyona sahiptir. Koklad\u0131\u011f\u0131n\u0131zda akl\u0131n\u0131za direkt gelen \u015fey: &#8220;Hindistan cevizli bir kokteyl ve g\u00fcne\u015fli<\/p>\n","protected":false},"featured_media":11662,"comment_status":"open","ping_status":"closed","template":"","meta":[],"product_brand":[131],"product_cat":[129],"product_tag":[],"class_list":{"0":"post-11496","1":"product","2":"type-product","3":"status-publish","4":"has-post-thumbnail","6":"product_brand-iva","7":"product_cat-erkek-parfumleri","9":"first","10":"instock","11":"sale","12":"shipping-taxable","13":"purchasable","14":"product-type-simple"},"_links":{"self":[{"href":"https:\/\/www.ivaperfume.com\/index.php?rest_route=\/wp\/v2\/product\/11496","targetHints":{"allow":["GET"]}}],"collection":[{"href":"https:\/\/www.ivaperfume.com\/index.php?rest_route=\/wp\/v2\/product"}],"about":[{"href":"https:\/\/www.ivaperfume.com\/index.php?rest_route=\/wp\/v2\/types\/product"}],"replies":[{"embeddable":true,"href":"https:\/\/www.ivaperfume.com\/index.php?rest_route=%2Fwp%2Fv2%2Fcomments&post=11496"}],"version-history":[{"count":6,"href":"https:\/\/www.ivaperfume.com\/index.php?rest_route=\/wp\/v2\/product\/11496\/revisions"}],"predecessor-version":[{"id":11664,"href":"https:\/\/www.ivaperfume.com\/index.php?rest_route=\/wp\/v2\/product\/11496\/revisions\/11664"}],"wp:featuredmedia":[{"embeddable":true,"href":"https:\/\/www.ivaperfume.com\/index.php?rest_route=\/wp\/v2\/media\/11662"}],"wp:attachment":[{"href":"https:\/\/www.ivaperfume.com\/index.php?rest_route=%2Fwp%2Fv2%2Fmedia&parent=11496"}],"wp:term":[{"taxonomy":"product_brand","embeddable":true,"href":"https:\/\/www.ivaperfume.com\/index.php?rest_route=%2Fwp%2Fv2%2Fproduct_brand&post=11496"},{"taxonomy":"product_cat","embeddable":true,"href":"https:\/\/www.ivaperfume.com\/index.php?rest_route=%2Fwp%2Fv2%2Fproduct_cat&post=11496"},{"taxonomy":"product_tag","embeddable":true,"href":"https:\/\/www.ivaperfume.com\/index.php?rest_route=%2Fwp%2Fv2%2Fproduct_tag&post=11496"}],"curies":[{"name":"wp","href":"https:\/\/api.w.org\/{rel}","templated":true}]}}