{"id":11493,"date":"2025-10-24T14:52:19","date_gmt":"2025-10-24T11:52:19","guid":{"rendered":"https:\/\/www.ivaperfume.com\/?post_type=product&#038;p=11493"},"modified":"2026-03-19T16:32:18","modified_gmt":"2026-03-19T13:32:18","slug":"e-034-crimson-code","status":"publish","type":"product","link":"https:\/\/www.ivaperfume.com\/?product=e-034-crimson-code","title":{"rendered":"E 035 SPICE BOMB"},"content":{"rendered":"<p>Ad\u0131ndan da belli, patlay\u0131c\u0131 bir karizma bombas\u0131d\u0131r. A\u00e7\u0131l\u0131\u015fta tar\u00e7\u0131n, karabiber ve bergamot \u00f6yle bir kar\u0131\u015f\u0131r ki, sanki g\u00fc\u00e7l\u00fc bir adam odaya girdi\u011finde herkes bir an susar gibi olur. T\u00fct\u00fcn, deri ve vetiver alt notalar\u0131ysa bu s\u0131cak baharat f\u0131rt\u0131nas\u0131na erkeksi bir derinlik katar. Bu koku sofistike bir tehlike gibidir \u2014 agresif de\u011fil ama kontrol\u00fc tamamen elinde. Crimson Code, tak\u0131m elbisesinin alt\u0131na gizlenmi\u015f asi bir ruhun kokusudur; \u015f\u0131k, g\u00fc\u00e7l\u00fc ve tehlikeli derecede \u00e7ekici.<\/p>\n","protected":false},"excerpt":{"rendered":"<p>Ad\u0131ndan da belli, patlay\u0131c\u0131 bir karizma bombas\u0131d\u0131r. A\u00e7\u0131l\u0131\u015fta tar\u00e7\u0131n, karabiber ve bergamot \u00f6yle bir kar\u0131\u015f\u0131r ki, sanki g\u00fc\u00e7l\u00fc bir adam<\/p>\n","protected":false},"featured_media":11494,"comment_status":"open","ping_status":"closed","template":"","meta":[],"product_brand":[131],"product_cat":[129],"product_tag":[],"class_list":{"0":"post-11493","1":"product","2":"type-product","3":"status-publish","4":"has-post-thumbnail","6":"product_brand-iva","7":"product_cat-erkek-parfumleri","9":"first","10":"instock","11":"sale","12":"shipping-taxable","13":"purchasable","14":"product-type-simple"},"_links":{"self":[{"href":"https:\/\/www.ivaperfume.com\/index.php?rest_route=\/wp\/v2\/product\/11493","targetHints":{"allow":["GET"]}}],"collection":[{"href":"https:\/\/www.ivaperfume.com\/index.php?rest_route=\/wp\/v2\/product"}],"about":[{"href":"https:\/\/www.ivaperfume.com\/index.php?rest_route=\/wp\/v2\/types\/product"}],"replies":[{"embeddable":true,"href":"https:\/\/www.ivaperfume.com\/index.php?rest_route=%2Fwp%2Fv2%2Fcomments&post=11493"}],"version-history":[{"count":3,"href":"https:\/\/www.ivaperfume.com\/index.php?rest_route=\/wp\/v2\/product\/11493\/revisions"}],"predecessor-version":[{"id":11658,"href":"https:\/\/www.ivaperfume.com\/index.php?rest_route=\/wp\/v2\/product\/11493\/revisions\/11658"}],"wp:featuredmedia":[{"embeddable":true,"href":"https:\/\/www.ivaperfume.com\/index.php?rest_route=\/wp\/v2\/media\/11494"}],"wp:attachment":[{"href":"https:\/\/www.ivaperfume.com\/index.php?rest_route=%2Fwp%2Fv2%2Fmedia&parent=11493"}],"wp:term":[{"taxonomy":"product_brand","embeddable":true,"href":"https:\/\/www.ivaperfume.com\/index.php?rest_route=%2Fwp%2Fv2%2Fproduct_brand&post=11493"},{"taxonomy":"product_cat","embeddable":true,"href":"https:\/\/www.ivaperfume.com\/index.php?rest_route=%2Fwp%2Fv2%2Fproduct_cat&post=11493"},{"taxonomy":"product_tag","embeddable":true,"href":"https:\/\/www.ivaperfume.com\/index.php?rest_route=%2Fwp%2Fv2%2Fproduct_tag&post=11493"}],"curies":[{"name":"wp","href":"https:\/\/api.w.org\/{rel}","templated":true}]}}