{"id":11490,"date":"2025-10-24T14:50:03","date_gmt":"2025-10-24T11:50:03","guid":{"rendered":"https:\/\/www.ivaperfume.com\/?post_type=product&#038;p=11490"},"modified":"2026-03-19T16:32:26","modified_gmt":"2026-03-19T13:32:26","slug":"e-033-midnight-rush","status":"publish","type":"product","link":"https:\/\/www.ivaperfume.com\/?product=e-033-midnight-rush","title":{"rendered":"E 034 ULTRA MALE"},"content":{"rendered":"<p>Gecenin enerjisini damarlar\u0131nda hisseden o asi ama karizmatik adam\u0131n kokusudur. A\u00e7\u0131l\u0131\u015fta armut ve nane, tatl\u0131 bir ba\u015ftan \u00e7\u0131kar\u0131c\u0131l\u0131kla patlar; sanki dans pistinde g\u00f6z g\u00f6ze geldi\u011fin, \u00f6zg\u00fcveniyle etraf\u0131 domine eden biri gibi. Vanilya ve amber alt notalar\u0131ysa s\u0131cak, tensel bir iz b\u0131rak\u0131r \u2014 e\u011flenceli ama tehlikeli, fl\u00f6rt\u00f6z ama mask\u00fclen. Ultra Male, dikkat \u00e7ekmeyi seven ama bunu oyun gibi yapan adam\u0131n kokusudur; her ad\u0131mda \u201cevet, fark ettin beni\u201d dedirten bir enerji ta\u015f\u0131r.<\/p>\n","protected":false},"excerpt":{"rendered":"<p>Gecenin enerjisini damarlar\u0131nda hisseden o asi ama karizmatik adam\u0131n kokusudur. A\u00e7\u0131l\u0131\u015fta armut ve nane, tatl\u0131 bir ba\u015ftan \u00e7\u0131kar\u0131c\u0131l\u0131kla patlar; sanki<\/p>\n","protected":false},"featured_media":11491,"comment_status":"open","ping_status":"closed","template":"","meta":[],"product_brand":[131],"product_cat":[129],"product_tag":[],"class_list":{"0":"post-11490","1":"product","2":"type-product","3":"status-publish","4":"has-post-thumbnail","6":"product_brand-iva","7":"product_cat-erkek-parfumleri","9":"first","10":"instock","11":"sale","12":"shipping-taxable","13":"purchasable","14":"product-type-simple"},"_links":{"self":[{"href":"https:\/\/www.ivaperfume.com\/index.php?rest_route=\/wp\/v2\/product\/11490","targetHints":{"allow":["GET"]}}],"collection":[{"href":"https:\/\/www.ivaperfume.com\/index.php?rest_route=\/wp\/v2\/product"}],"about":[{"href":"https:\/\/www.ivaperfume.com\/index.php?rest_route=\/wp\/v2\/types\/product"}],"replies":[{"embeddable":true,"href":"https:\/\/www.ivaperfume.com\/index.php?rest_route=%2Fwp%2Fv2%2Fcomments&post=11490"}],"version-history":[{"count":3,"href":"https:\/\/www.ivaperfume.com\/index.php?rest_route=\/wp\/v2\/product\/11490\/revisions"}],"predecessor-version":[{"id":11659,"href":"https:\/\/www.ivaperfume.com\/index.php?rest_route=\/wp\/v2\/product\/11490\/revisions\/11659"}],"wp:featuredmedia":[{"embeddable":true,"href":"https:\/\/www.ivaperfume.com\/index.php?rest_route=\/wp\/v2\/media\/11491"}],"wp:attachment":[{"href":"https:\/\/www.ivaperfume.com\/index.php?rest_route=%2Fwp%2Fv2%2Fmedia&parent=11490"}],"wp:term":[{"taxonomy":"product_brand","embeddable":true,"href":"https:\/\/www.ivaperfume.com\/index.php?rest_route=%2Fwp%2Fv2%2Fproduct_brand&post=11490"},{"taxonomy":"product_cat","embeddable":true,"href":"https:\/\/www.ivaperfume.com\/index.php?rest_route=%2Fwp%2Fv2%2Fproduct_cat&post=11490"},{"taxonomy":"product_tag","embeddable":true,"href":"https:\/\/www.ivaperfume.com\/index.php?rest_route=%2Fwp%2Fv2%2Fproduct_tag&post=11490"}],"curies":[{"name":"wp","href":"https:\/\/api.w.org\/{rel}","templated":true}]}}