{"id":11484,"date":"2025-10-23T19:19:31","date_gmt":"2025-10-23T16:19:31","guid":{"rendered":"https:\/\/www.ivaperfume.com\/?post_type=product&#038;p=11484"},"modified":"2026-03-19T16:33:17","modified_gmt":"2026-03-19T13:33:17","slug":"e-032-velvet-shadow-2","status":"publish","type":"product","link":"https:\/\/www.ivaperfume.com\/?product=e-032-velvet-shadow-2","title":{"rendered":"E 033 DEL HOMME"},"content":{"rendered":"<p>A\u00e7\u0131l\u0131\u015fta karabiber ve bergamotun keskin fl\u00f6rt\u00fcyle dikkat \u00e7eker, ama ard\u0131ndan lavanta ve sedirin o yumu\u015fak, derin s\u0131cakl\u0131\u011f\u0131 gelir \u2014 t\u0131pk\u0131 \u00f6nce bak\u0131\u015f\u0131yla etkileyip sonra sesiyle b\u00fcy\u00fcleyen biri gibi. Bu koku, fazlas\u0131n\u0131 g\u00f6stermeden ba\u015ftan \u00e7\u0131karan, <strong data-start=\"329\" data-end=\"381\">geceyi sakin ama kontrol\u00fc elinde tutarak ya\u015fayan<\/strong> adam\u0131n imzas\u0131d\u0131r. Ne fazla mask\u00fclen, ne fazla nazik \u2014 tam karar\u0131nda bir karanl\u0131k, tam karar\u0131nda bir \u00e7ekicilik.<\/p>\n","protected":false},"excerpt":{"rendered":"<p>A\u00e7\u0131l\u0131\u015fta karabiber ve bergamotun keskin fl\u00f6rt\u00fcyle dikkat \u00e7eker, ama ard\u0131ndan lavanta ve sedirin o yumu\u015fak, derin s\u0131cakl\u0131\u011f\u0131 gelir \u2014 t\u0131pk\u0131<\/p>\n","protected":false},"featured_media":11474,"comment_status":"open","ping_status":"closed","template":"","meta":[],"product_brand":[131],"product_cat":[129],"product_tag":[],"class_list":{"0":"post-11484","1":"product","2":"type-product","3":"status-publish","4":"has-post-thumbnail","6":"product_brand-iva","7":"product_cat-erkek-parfumleri","9":"first","10":"instock","11":"sale","12":"shipping-taxable","13":"purchasable","14":"product-type-simple"},"_links":{"self":[{"href":"https:\/\/www.ivaperfume.com\/index.php?rest_route=\/wp\/v2\/product\/11484","targetHints":{"allow":["GET"]}}],"collection":[{"href":"https:\/\/www.ivaperfume.com\/index.php?rest_route=\/wp\/v2\/product"}],"about":[{"href":"https:\/\/www.ivaperfume.com\/index.php?rest_route=\/wp\/v2\/types\/product"}],"replies":[{"embeddable":true,"href":"https:\/\/www.ivaperfume.com\/index.php?rest_route=%2Fwp%2Fv2%2Fcomments&post=11484"}],"version-history":[{"count":3,"href":"https:\/\/www.ivaperfume.com\/index.php?rest_route=\/wp\/v2\/product\/11484\/revisions"}],"predecessor-version":[{"id":11755,"href":"https:\/\/www.ivaperfume.com\/index.php?rest_route=\/wp\/v2\/product\/11484\/revisions\/11755"}],"wp:featuredmedia":[{"embeddable":true,"href":"https:\/\/www.ivaperfume.com\/index.php?rest_route=\/wp\/v2\/media\/11474"}],"wp:attachment":[{"href":"https:\/\/www.ivaperfume.com\/index.php?rest_route=%2Fwp%2Fv2%2Fmedia&parent=11484"}],"wp:term":[{"taxonomy":"product_brand","embeddable":true,"href":"https:\/\/www.ivaperfume.com\/index.php?rest_route=%2Fwp%2Fv2%2Fproduct_brand&post=11484"},{"taxonomy":"product_cat","embeddable":true,"href":"https:\/\/www.ivaperfume.com\/index.php?rest_route=%2Fwp%2Fv2%2Fproduct_cat&post=11484"},{"taxonomy":"product_tag","embeddable":true,"href":"https:\/\/www.ivaperfume.com\/index.php?rest_route=%2Fwp%2Fv2%2Fproduct_tag&post=11484"}],"curies":[{"name":"wp","href":"https:\/\/api.w.org\/{rel}","templated":true}]}}