{"id":11473,"date":"2025-10-23T19:10:06","date_gmt":"2025-10-23T16:10:06","guid":{"rendered":"https:\/\/www.ivaperfume.com\/?post_type=product&#038;p=11473"},"modified":"2026-03-19T16:33:57","modified_gmt":"2026-03-19T13:33:57","slug":"e-032-velvet-shadow","status":"publish","type":"product","link":"https:\/\/www.ivaperfume.com\/?product=e-032-velvet-shadow","title":{"rendered":"K 004 VALAYA"},"content":{"rendered":"<p>beyaz ipek bir elbisenin zarafetiyle s\u00fcz\u00fclen, tertemiz ama ba\u015ftan \u00e7\u0131kar\u0131c\u0131 bir kad\u0131n\u0131n kokusudur. A\u00e7\u0131l\u0131\u015fta misk, bergamot ve mandalinan\u0131n ferahl\u0131\u011f\u0131yla adeta sabah\u0131n ilk \u0131\u015f\u0131klar\u0131n\u0131 ta\u015f\u0131r; ard\u0131ndan misk, amber ve \u00e7i\u00e7eksi notalarla zarif bir tenselli\u011fe d\u00f6n\u00fc\u015f\u00fcr. Bu koku, <strong data-start=\"297\" data-end=\"339\">masumiyetle cazibenin kusursuz dengesi<\/strong> gibidir \u2014 ne tamamen saf, ne de tamamen ba\u015ftan \u00e7\u0131kar\u0131c\u0131. Valaya, kendine g\u00fcvenen ama g\u00f6steri\u015fsiz, bir bak\u0131\u015f\u0131yla ortamdaki sessizli\u011fi bile de\u011fi\u015ftirebilen kad\u0131n\u0131n imzas\u0131d\u0131r.<\/p>\n","protected":false},"excerpt":{"rendered":"<p>beyaz ipek bir elbisenin zarafetiyle s\u00fcz\u00fclen, tertemiz ama ba\u015ftan \u00e7\u0131kar\u0131c\u0131 bir kad\u0131n\u0131n kokusudur. A\u00e7\u0131l\u0131\u015fta misk, bergamot ve mandalinan\u0131n ferahl\u0131\u011f\u0131yla adeta<\/p>\n","protected":false},"featured_media":11481,"comment_status":"open","ping_status":"closed","template":"","meta":[],"product_brand":[131],"product_cat":[144],"product_tag":[],"class_list":{"0":"post-11473","1":"product","2":"type-product","3":"status-publish","4":"has-post-thumbnail","6":"product_brand-iva","7":"product_cat-kadin-parfumleri","9":"first","10":"instock","11":"sale","12":"shipping-taxable","13":"purchasable","14":"product-type-simple"},"_links":{"self":[{"href":"https:\/\/www.ivaperfume.com\/index.php?rest_route=\/wp\/v2\/product\/11473","targetHints":{"allow":["GET"]}}],"collection":[{"href":"https:\/\/www.ivaperfume.com\/index.php?rest_route=\/wp\/v2\/product"}],"about":[{"href":"https:\/\/www.ivaperfume.com\/index.php?rest_route=\/wp\/v2\/types\/product"}],"replies":[{"embeddable":true,"href":"https:\/\/www.ivaperfume.com\/index.php?rest_route=%2Fwp%2Fv2%2Fcomments&post=11473"}],"version-history":[{"count":5,"href":"https:\/\/www.ivaperfume.com\/index.php?rest_route=\/wp\/v2\/product\/11473\/revisions"}],"predecessor-version":[{"id":11756,"href":"https:\/\/www.ivaperfume.com\/index.php?rest_route=\/wp\/v2\/product\/11473\/revisions\/11756"}],"wp:featuredmedia":[{"embeddable":true,"href":"https:\/\/www.ivaperfume.com\/index.php?rest_route=\/wp\/v2\/media\/11481"}],"wp:attachment":[{"href":"https:\/\/www.ivaperfume.com\/index.php?rest_route=%2Fwp%2Fv2%2Fmedia&parent=11473"}],"wp:term":[{"taxonomy":"product_brand","embeddable":true,"href":"https:\/\/www.ivaperfume.com\/index.php?rest_route=%2Fwp%2Fv2%2Fproduct_brand&post=11473"},{"taxonomy":"product_cat","embeddable":true,"href":"https:\/\/www.ivaperfume.com\/index.php?rest_route=%2Fwp%2Fv2%2Fproduct_cat&post=11473"},{"taxonomy":"product_tag","embeddable":true,"href":"https:\/\/www.ivaperfume.com\/index.php?rest_route=%2Fwp%2Fv2%2Fproduct_tag&post=11473"}],"curies":[{"name":"wp","href":"https:\/\/api.w.org\/{rel}","templated":true}]}}