{"id":11470,"date":"2025-10-23T19:08:49","date_gmt":"2025-10-23T16:08:49","guid":{"rendered":"https:\/\/www.ivaperfume.com\/?post_type=product&#038;p=11470"},"modified":"2026-03-19T16:34:09","modified_gmt":"2026-03-19T13:34:09","slug":"e-031-secret-cool","status":"publish","type":"product","link":"https:\/\/www.ivaperfume.com\/?product=e-031-secret-cool","title":{"rendered":"E 032 TONKA"},"content":{"rendered":"<p>gizliden gizliye \u00e7ekici olmay\u0131 bilen, fazla konu\u015fmadan etki b\u0131rakan o cool karakterdir. Tatl\u0131, kremams\u0131 vanilya ve bademimsi tonlar ona s\u0131cak bir zarafet verirken; t\u00fct\u00fcn ve amber alt notalar\u0131 gizemli, olgun ve biraz da ba\u015ftan \u00e7\u0131kar\u0131c\u0131 bir hava katar. Tonka, \u201cfazla u\u011fra\u015fmadan etkileyen\u201d insanlar\u0131n kokusudur \u2014 rahat giyinir ama dikkat \u00e7eker, sessizdir ama varl\u0131\u011f\u0131 oday\u0131 doldurur. yumu\u015fak bir karanl\u0131\u011f\u0131 vard\u0131r; hem huzur verir, hem ak\u0131lda kal\u0131r.<strong data-start=\"398\" data-end=\"466\" data-is-last-node=\"\">\u00a0<\/strong><\/p>\n","protected":false},"excerpt":{"rendered":"<p>gizliden gizliye \u00e7ekici olmay\u0131 bilen, fazla konu\u015fmadan etki b\u0131rakan o cool karakterdir. Tatl\u0131, kremams\u0131 vanilya ve bademimsi tonlar ona s\u0131cak<\/p>\n","protected":false},"featured_media":11471,"comment_status":"open","ping_status":"closed","template":"","meta":[],"product_brand":[131],"product_cat":[129],"product_tag":[],"class_list":{"0":"post-11470","1":"product","2":"type-product","3":"status-publish","4":"has-post-thumbnail","6":"product_brand-iva","7":"product_cat-erkek-parfumleri","9":"first","10":"instock","11":"sale","12":"shipping-taxable","13":"purchasable","14":"product-type-simple"},"_links":{"self":[{"href":"https:\/\/www.ivaperfume.com\/index.php?rest_route=\/wp\/v2\/product\/11470","targetHints":{"allow":["GET"]}}],"collection":[{"href":"https:\/\/www.ivaperfume.com\/index.php?rest_route=\/wp\/v2\/product"}],"about":[{"href":"https:\/\/www.ivaperfume.com\/index.php?rest_route=\/wp\/v2\/types\/product"}],"replies":[{"embeddable":true,"href":"https:\/\/www.ivaperfume.com\/index.php?rest_route=%2Fwp%2Fv2%2Fcomments&post=11470"}],"version-history":[{"count":4,"href":"https:\/\/www.ivaperfume.com\/index.php?rest_route=\/wp\/v2\/product\/11470\/revisions"}],"predecessor-version":[{"id":11656,"href":"https:\/\/www.ivaperfume.com\/index.php?rest_route=\/wp\/v2\/product\/11470\/revisions\/11656"}],"wp:featuredmedia":[{"embeddable":true,"href":"https:\/\/www.ivaperfume.com\/index.php?rest_route=\/wp\/v2\/media\/11471"}],"wp:attachment":[{"href":"https:\/\/www.ivaperfume.com\/index.php?rest_route=%2Fwp%2Fv2%2Fmedia&parent=11470"}],"wp:term":[{"taxonomy":"product_brand","embeddable":true,"href":"https:\/\/www.ivaperfume.com\/index.php?rest_route=%2Fwp%2Fv2%2Fproduct_brand&post=11470"},{"taxonomy":"product_cat","embeddable":true,"href":"https:\/\/www.ivaperfume.com\/index.php?rest_route=%2Fwp%2Fv2%2Fproduct_cat&post=11470"},{"taxonomy":"product_tag","embeddable":true,"href":"https:\/\/www.ivaperfume.com\/index.php?rest_route=%2Fwp%2Fv2%2Fproduct_tag&post=11470"}],"curies":[{"name":"wp","href":"https:\/\/api.w.org\/{rel}","templated":true}]}}