{"id":11467,"date":"2025-10-23T16:20:10","date_gmt":"2025-10-23T13:20:10","guid":{"rendered":"https:\/\/www.ivaperfume.com\/?post_type=product&#038;p=11467"},"modified":"2026-03-19T16:34:16","modified_gmt":"2026-03-19T13:34:16","slug":"u-011-2","status":"publish","type":"product","link":"https:\/\/www.ivaperfume.com\/?product=u-011-2","title":{"rendered":"U 014 AN\u0130"},"content":{"rendered":"<p>IVA U 012 , duygular\u0131n iki ucunda gezinen bir karakterdir hem tatl\u0131 hem tehlikeli. A\u00e7\u0131l\u0131\u015fta vanilya ve zencefilin s\u0131cak, ba\u015ftan \u00e7\u0131kar\u0131c\u0131 kar\u0131\u015f\u0131m\u0131yla seni bir anda b\u00fcy\u00fcler; ama alt\u0131ndaki misk ve amber, onun sadece yumu\u015fak biri olmad\u0131\u011f\u0131n\u0131, karanl\u0131k bir taraf\u0131 da oldu\u011funu hat\u0131rlat\u0131r. Ani, duygular\u0131n\u0131 bast\u0131rmayan, istedi\u011fi gibi ya\u015fayan, sevdi\u011finde yak\u0131p ge\u00e7en bir karakterdir. Hem \u015fefkatli bir dokunu\u015fu hem de buz gibi bir bak\u0131\u015f\u0131 vard\u0131r; <strong data-start=\"443\" data-end=\"497\" data-is-last-node=\"\">bir bakars\u0131n sarho\u015f edici, bir bakars\u0131n yok edici.<\/strong><\/p>\n","protected":false},"excerpt":{"rendered":"<p>IVA U 012 , duygular\u0131n iki ucunda gezinen bir karakterdir hem tatl\u0131 hem tehlikeli. A\u00e7\u0131l\u0131\u015fta vanilya ve zencefilin s\u0131cak, ba\u015ftan<\/p>\n","protected":false},"featured_media":11468,"comment_status":"open","ping_status":"closed","template":"","meta":[],"product_brand":[131],"product_cat":[146],"product_tag":[],"class_list":{"0":"post-11467","1":"product","2":"type-product","3":"status-publish","4":"has-post-thumbnail","6":"product_brand-iva","7":"product_cat-unisex-parfumler","9":"first","10":"instock","11":"sale","12":"shipping-taxable","13":"purchasable","14":"product-type-simple"},"_links":{"self":[{"href":"https:\/\/www.ivaperfume.com\/index.php?rest_route=\/wp\/v2\/product\/11467","targetHints":{"allow":["GET"]}}],"collection":[{"href":"https:\/\/www.ivaperfume.com\/index.php?rest_route=\/wp\/v2\/product"}],"about":[{"href":"https:\/\/www.ivaperfume.com\/index.php?rest_route=\/wp\/v2\/types\/product"}],"replies":[{"embeddable":true,"href":"https:\/\/www.ivaperfume.com\/index.php?rest_route=%2Fwp%2Fv2%2Fcomments&post=11467"}],"version-history":[{"count":3,"href":"https:\/\/www.ivaperfume.com\/index.php?rest_route=\/wp\/v2\/product\/11467\/revisions"}],"predecessor-version":[{"id":11567,"href":"https:\/\/www.ivaperfume.com\/index.php?rest_route=\/wp\/v2\/product\/11467\/revisions\/11567"}],"wp:featuredmedia":[{"embeddable":true,"href":"https:\/\/www.ivaperfume.com\/index.php?rest_route=\/wp\/v2\/media\/11468"}],"wp:attachment":[{"href":"https:\/\/www.ivaperfume.com\/index.php?rest_route=%2Fwp%2Fv2%2Fmedia&parent=11467"}],"wp:term":[{"taxonomy":"product_brand","embeddable":true,"href":"https:\/\/www.ivaperfume.com\/index.php?rest_route=%2Fwp%2Fv2%2Fproduct_brand&post=11467"},{"taxonomy":"product_cat","embeddable":true,"href":"https:\/\/www.ivaperfume.com\/index.php?rest_route=%2Fwp%2Fv2%2Fproduct_cat&post=11467"},{"taxonomy":"product_tag","embeddable":true,"href":"https:\/\/www.ivaperfume.com\/index.php?rest_route=%2Fwp%2Fv2%2Fproduct_tag&post=11467"}],"curies":[{"name":"wp","href":"https:\/\/api.w.org\/{rel}","templated":true}]}}