{"id":11458,"date":"2025-10-22T16:07:05","date_gmt":"2025-10-22T13:07:05","guid":{"rendered":"https:\/\/www.ivaperfume.com\/?post_type=product&#038;p=11458"},"modified":"2026-03-19T16:34:31","modified_gmt":"2026-03-19T13:34:31","slug":"e-031-whos-he","status":"publish","type":"product","link":"https:\/\/www.ivaperfume.com\/?product=e-031-whos-he","title":{"rendered":"E 031 WANTED"},"content":{"rendered":"<p>Ben geldim demenin parf\u00fcm halidir. O, kalabal\u0131\u011fa kar\u0131\u015fmaz kalabal\u0131k onun etraf\u0131nda toplan\u0131r. Tatl\u0131, baharatl\u0131 ve s\u0131cak notalar\u0131yla karizmatik ama asi bir enerji ta\u015f\u0131r. Siyah deri ceketini rastgele giyer ama her defas\u0131nda jilet gibi g\u00f6r\u00fcn\u00fcr; spontane, \u00f6zg\u00fcvenli, biraz da ba\u015f belas\u0131d\u0131r. Bu koku, dikkat \u00e7ekmek i\u00e7in u\u011fra\u015fmaz, zaten dikkat oda\u011f\u0131d\u0131r. Kad\u0131nlar \u201ckim bu?\u201d der, erkekler \u201cben de \u00f6yle kokmak istiyorum\u201d diye i\u00e7 ge\u00e7irir. Who&#8217;s He ?, gecenin kalbinde, ad\u0131mlar\u0131n\u0131 yank\u0131 b\u0131rakarak atan modern bir ba\u015frol gibidir tehlikeli, \u00e7ekici ve asla unutulmaz.<\/p>\n","protected":false},"excerpt":{"rendered":"<p>Ben geldim demenin parf\u00fcm halidir. O, kalabal\u0131\u011fa kar\u0131\u015fmaz kalabal\u0131k onun etraf\u0131nda toplan\u0131r. Tatl\u0131, baharatl\u0131 ve s\u0131cak notalar\u0131yla karizmatik ama asi<\/p>\n","protected":false},"featured_media":11457,"comment_status":"open","ping_status":"closed","template":"","meta":[],"product_brand":[131],"product_cat":[129],"product_tag":[],"class_list":{"0":"post-11458","1":"product","2":"type-product","3":"status-publish","4":"has-post-thumbnail","6":"product_brand-iva","7":"product_cat-erkek-parfumleri","9":"first","10":"instock","11":"sale","12":"shipping-taxable","13":"purchasable","14":"product-type-simple"},"_links":{"self":[{"href":"https:\/\/www.ivaperfume.com\/index.php?rest_route=\/wp\/v2\/product\/11458","targetHints":{"allow":["GET"]}}],"collection":[{"href":"https:\/\/www.ivaperfume.com\/index.php?rest_route=\/wp\/v2\/product"}],"about":[{"href":"https:\/\/www.ivaperfume.com\/index.php?rest_route=\/wp\/v2\/types\/product"}],"replies":[{"embeddable":true,"href":"https:\/\/www.ivaperfume.com\/index.php?rest_route=%2Fwp%2Fv2%2Fcomments&post=11458"}],"version-history":[{"count":3,"href":"https:\/\/www.ivaperfume.com\/index.php?rest_route=\/wp\/v2\/product\/11458\/revisions"}],"predecessor-version":[{"id":11568,"href":"https:\/\/www.ivaperfume.com\/index.php?rest_route=\/wp\/v2\/product\/11458\/revisions\/11568"}],"wp:featuredmedia":[{"embeddable":true,"href":"https:\/\/www.ivaperfume.com\/index.php?rest_route=\/wp\/v2\/media\/11457"}],"wp:attachment":[{"href":"https:\/\/www.ivaperfume.com\/index.php?rest_route=%2Fwp%2Fv2%2Fmedia&parent=11458"}],"wp:term":[{"taxonomy":"product_brand","embeddable":true,"href":"https:\/\/www.ivaperfume.com\/index.php?rest_route=%2Fwp%2Fv2%2Fproduct_brand&post=11458"},{"taxonomy":"product_cat","embeddable":true,"href":"https:\/\/www.ivaperfume.com\/index.php?rest_route=%2Fwp%2Fv2%2Fproduct_cat&post=11458"},{"taxonomy":"product_tag","embeddable":true,"href":"https:\/\/www.ivaperfume.com\/index.php?rest_route=%2Fwp%2Fv2%2Fproduct_tag&post=11458"}],"curies":[{"name":"wp","href":"https:\/\/api.w.org\/{rel}","templated":true}]}}