{"id":11451,"date":"2025-10-22T15:58:36","date_gmt":"2025-10-22T12:58:36","guid":{"rendered":"https:\/\/www.ivaperfume.com\/?post_type=product&#038;p=11451"},"modified":"2026-03-19T16:34:43","modified_gmt":"2026-03-19T13:34:43","slug":"e-030-the-eyes","status":"publish","type":"product","link":"https:\/\/www.ivaperfume.com\/?product=e-030-the-eyes","title":{"rendered":"E 030 HOMME INTENSE"},"content":{"rendered":"<p>Sanki paltosunun cebinde eski bir mektup ta\u015f\u0131yan, sessiz ama derin bir adam gibi kokar. Her hareketi hesapl\u0131 de\u011fildir ama zarafeti do\u011fald\u0131r \u2014 t\u0131pk\u0131 bir bak\u0131\u015fta \u201cbu adam\u0131n hikayesi var\u201d dedirten tipler gibi. Pudral\u0131 iris ve lavanta kar\u0131\u015f\u0131m\u0131, ona yumu\u015fak ama entelekt\u00fcel bir hava verir; ne \u00e7ok erkeksi ne de narin \u2014 tam dengede. O, gece yaln\u0131z y\u00fcr\u00fcrken \u015fehir \u0131\u015f\u0131klar\u0131n\u0131n alt\u0131nda d\u00fc\u015f\u00fcncelere dalan, kalabal\u0131klardan uzak durmay\u0131 se\u00e7en ama girdi\u011fi her ortamda dikkatleri \u00fczerine \u00e7eken biridir. IVA The Eyes, g\u00fc\u00e7le de\u011fil duru\u015fla var olan, \u201csessiz l\u00fcks\u201d\u00fcn v\u00fccut bulmu\u015f h\u00e2lidir.<\/p>\n","protected":false},"excerpt":{"rendered":"<p>Sanki paltosunun cebinde eski bir mektup ta\u015f\u0131yan, sessiz ama derin bir adam gibi kokar. Her hareketi hesapl\u0131 de\u011fildir ama zarafeti<\/p>\n","protected":false},"featured_media":11450,"comment_status":"open","ping_status":"closed","template":"","meta":[],"product_brand":[131],"product_cat":[129],"product_tag":[],"class_list":{"0":"post-11451","1":"product","2":"type-product","3":"status-publish","4":"has-post-thumbnail","6":"product_brand-iva","7":"product_cat-erkek-parfumleri","9":"first","10":"instock","11":"sale","12":"shipping-taxable","13":"purchasable","14":"product-type-simple"},"_links":{"self":[{"href":"https:\/\/www.ivaperfume.com\/index.php?rest_route=\/wp\/v2\/product\/11451","targetHints":{"allow":["GET"]}}],"collection":[{"href":"https:\/\/www.ivaperfume.com\/index.php?rest_route=\/wp\/v2\/product"}],"about":[{"href":"https:\/\/www.ivaperfume.com\/index.php?rest_route=\/wp\/v2\/types\/product"}],"replies":[{"embeddable":true,"href":"https:\/\/www.ivaperfume.com\/index.php?rest_route=%2Fwp%2Fv2%2Fcomments&post=11451"}],"version-history":[{"count":4,"href":"https:\/\/www.ivaperfume.com\/index.php?rest_route=\/wp\/v2\/product\/11451\/revisions"}],"predecessor-version":[{"id":11675,"href":"https:\/\/www.ivaperfume.com\/index.php?rest_route=\/wp\/v2\/product\/11451\/revisions\/11675"}],"wp:featuredmedia":[{"embeddable":true,"href":"https:\/\/www.ivaperfume.com\/index.php?rest_route=\/wp\/v2\/media\/11450"}],"wp:attachment":[{"href":"https:\/\/www.ivaperfume.com\/index.php?rest_route=%2Fwp%2Fv2%2Fmedia&parent=11451"}],"wp:term":[{"taxonomy":"product_brand","embeddable":true,"href":"https:\/\/www.ivaperfume.com\/index.php?rest_route=%2Fwp%2Fv2%2Fproduct_brand&post=11451"},{"taxonomy":"product_cat","embeddable":true,"href":"https:\/\/www.ivaperfume.com\/index.php?rest_route=%2Fwp%2Fv2%2Fproduct_cat&post=11451"},{"taxonomy":"product_tag","embeddable":true,"href":"https:\/\/www.ivaperfume.com\/index.php?rest_route=%2Fwp%2Fv2%2Fproduct_tag&post=11451"}],"curies":[{"name":"wp","href":"https:\/\/api.w.org\/{rel}","templated":true}]}}