{"id":11443,"date":"2025-10-22T12:56:08","date_gmt":"2025-10-22T09:56:08","guid":{"rendered":"https:\/\/www.ivaperfume.com\/?post_type=product&#038;p=11443"},"modified":"2026-03-19T16:35:02","modified_gmt":"2026-03-19T13:35:02","slug":"e-029","status":"publish","type":"product","link":"https:\/\/www.ivaperfume.com\/?product=e-029","title":{"rendered":"E 029 TYGAR"},"content":{"rendered":"<p data-start=\"726\" data-end=\"908\">Bu koku \u201ctemiz taze + l\u00fcks derinlik\u201d kar\u0131\u015f\u0131m\u0131. Yani \u00f6yle bir \u201cyeni spor ayakkab\u0131 + beyaz ti\u015f\u00f6rt\u201d de\u011fil de \u201cuygun kesimli blazer + hafif bir detay\u0131 olan deri ayakkab\u0131\u201d gibi bir \u015fey.<\/p>\n<p data-start=\"911\" data-end=\"997\">Kim giyer? Kendine g\u00fcveni olan, \u201cben i\u00e7ten iyiyim\u201d ama d\u0131\u015far\u0131da da dikkat \u00e7eken tip.<\/p>\n<p data-start=\"1000\" data-end=\"1151\">Ortam: G\u00fcnd\u00fcz ofiste, sonra ak\u015fam hafif \u015f\u0131k bir mek\u00e2nda. Yaz ve bahar daha \u00e7ok, ama taban odunsular\u0131 sayesinde mevsim ge\u00e7i\u015flerinde de kullan\u0131labilir.<\/p>\n<p data-start=\"1154\" data-end=\"1290\">Vibe: \u201cOha bu adam ne kadar d\u00fczenli, ne kadar kontrol alt\u0131nda\u201d dedirten de\u011fil, \u201cbak o adam var ya, hem rahat hem karizmatik\u201d dedirten.<\/p>\n","protected":false},"excerpt":{"rendered":"<p>Bu koku \u201ctemiz taze + l\u00fcks derinlik\u201d kar\u0131\u015f\u0131m\u0131. Yani \u00f6yle bir \u201cyeni spor ayakkab\u0131 + beyaz ti\u015f\u00f6rt\u201d de\u011fil de \u201cuygun<\/p>\n","protected":false},"featured_media":11444,"comment_status":"open","ping_status":"closed","template":"","meta":[],"product_brand":[131],"product_cat":[129],"product_tag":[],"class_list":{"0":"post-11443","1":"product","2":"type-product","3":"status-publish","4":"has-post-thumbnail","6":"product_brand-iva","7":"product_cat-erkek-parfumleri","9":"first","10":"instock","11":"sale","12":"shipping-taxable","13":"purchasable","14":"product-type-simple"},"_links":{"self":[{"href":"https:\/\/www.ivaperfume.com\/index.php?rest_route=\/wp\/v2\/product\/11443","targetHints":{"allow":["GET"]}}],"collection":[{"href":"https:\/\/www.ivaperfume.com\/index.php?rest_route=\/wp\/v2\/product"}],"about":[{"href":"https:\/\/www.ivaperfume.com\/index.php?rest_route=\/wp\/v2\/types\/product"}],"replies":[{"embeddable":true,"href":"https:\/\/www.ivaperfume.com\/index.php?rest_route=%2Fwp%2Fv2%2Fcomments&post=11443"}],"version-history":[{"count":2,"href":"https:\/\/www.ivaperfume.com\/index.php?rest_route=\/wp\/v2\/product\/11443\/revisions"}],"predecessor-version":[{"id":11571,"href":"https:\/\/www.ivaperfume.com\/index.php?rest_route=\/wp\/v2\/product\/11443\/revisions\/11571"}],"wp:featuredmedia":[{"embeddable":true,"href":"https:\/\/www.ivaperfume.com\/index.php?rest_route=\/wp\/v2\/media\/11444"}],"wp:attachment":[{"href":"https:\/\/www.ivaperfume.com\/index.php?rest_route=%2Fwp%2Fv2%2Fmedia&parent=11443"}],"wp:term":[{"taxonomy":"product_brand","embeddable":true,"href":"https:\/\/www.ivaperfume.com\/index.php?rest_route=%2Fwp%2Fv2%2Fproduct_brand&post=11443"},{"taxonomy":"product_cat","embeddable":true,"href":"https:\/\/www.ivaperfume.com\/index.php?rest_route=%2Fwp%2Fv2%2Fproduct_cat&post=11443"},{"taxonomy":"product_tag","embeddable":true,"href":"https:\/\/www.ivaperfume.com\/index.php?rest_route=%2Fwp%2Fv2%2Fproduct_tag&post=11443"}],"curies":[{"name":"wp","href":"https:\/\/api.w.org\/{rel}","templated":true}]}}