{"id":11323,"date":"2025-07-22T13:02:05","date_gmt":"2025-07-22T10:02:05","guid":{"rendered":"https:\/\/www.ivaperfume.com\/?post_type=product&#038;p=11323"},"modified":"2026-03-19T16:38:36","modified_gmt":"2026-03-19T13:38:36","slug":"e-025-2","status":"publish","type":"product","link":"https:\/\/www.ivaperfume.com\/?product=e-025-2","title":{"rendered":"E 025 L&#8217;Immensit\u00e9"},"content":{"rendered":"<p>ferah ve sonsuzluk hissi uyand\u0131ran zarif bir erkek parf\u00fcm\u00fcd\u00fcr. Greyfurt ve zencefilin canl\u0131 a\u00e7\u0131l\u0131\u015f\u0131, ambroxan ve odunsu notalarla derinle\u015ferek modern ve sade bir karizma sunar. \u00d6zg\u00fcr ruhlu, dingin ama g\u00fc\u00e7l\u00fc erkekler i\u00e7in tasarlanm\u0131\u015f etkileyici bir koku.<br \/>\n(\u00dcR\u00dcN FOTO\u011eRAFTAK\u0130 3 \u015e\u0130\u015eEDEN B\u0130R\u0130NDE GELECEKT\u0130R. N\u0130CHE SER\u0130S\u0130D\u0130R.)<\/p>\n","protected":false},"excerpt":{"rendered":"<p>ferah ve sonsuzluk hissi uyand\u0131ran zarif bir erkek parf\u00fcm\u00fcd\u00fcr. Greyfurt ve zencefilin canl\u0131 a\u00e7\u0131l\u0131\u015f\u0131, ambroxan ve odunsu notalarla derinle\u015ferek modern<\/p>\n","protected":false},"featured_media":11340,"comment_status":"open","ping_status":"closed","template":"","meta":[],"product_brand":[131],"product_cat":[129],"product_tag":[],"class_list":{"0":"post-11323","1":"product","2":"type-product","3":"status-publish","4":"has-post-thumbnail","6":"product_brand-iva","7":"product_cat-erkek-parfumleri","9":"first","10":"instock","11":"sale","12":"shipping-taxable","13":"purchasable","14":"product-type-simple"},"_links":{"self":[{"href":"https:\/\/www.ivaperfume.com\/index.php?rest_route=\/wp\/v2\/product\/11323","targetHints":{"allow":["GET"]}}],"collection":[{"href":"https:\/\/www.ivaperfume.com\/index.php?rest_route=\/wp\/v2\/product"}],"about":[{"href":"https:\/\/www.ivaperfume.com\/index.php?rest_route=\/wp\/v2\/types\/product"}],"replies":[{"embeddable":true,"href":"https:\/\/www.ivaperfume.com\/index.php?rest_route=%2Fwp%2Fv2%2Fcomments&post=11323"}],"version-history":[{"count":2,"href":"https:\/\/www.ivaperfume.com\/index.php?rest_route=\/wp\/v2\/product\/11323\/revisions"}],"predecessor-version":[{"id":11594,"href":"https:\/\/www.ivaperfume.com\/index.php?rest_route=\/wp\/v2\/product\/11323\/revisions\/11594"}],"wp:featuredmedia":[{"embeddable":true,"href":"https:\/\/www.ivaperfume.com\/index.php?rest_route=\/wp\/v2\/media\/11340"}],"wp:attachment":[{"href":"https:\/\/www.ivaperfume.com\/index.php?rest_route=%2Fwp%2Fv2%2Fmedia&parent=11323"}],"wp:term":[{"taxonomy":"product_brand","embeddable":true,"href":"https:\/\/www.ivaperfume.com\/index.php?rest_route=%2Fwp%2Fv2%2Fproduct_brand&post=11323"},{"taxonomy":"product_cat","embeddable":true,"href":"https:\/\/www.ivaperfume.com\/index.php?rest_route=%2Fwp%2Fv2%2Fproduct_cat&post=11323"},{"taxonomy":"product_tag","embeddable":true,"href":"https:\/\/www.ivaperfume.com\/index.php?rest_route=%2Fwp%2Fv2%2Fproduct_tag&post=11323"}],"curies":[{"name":"wp","href":"https:\/\/api.w.org\/{rel}","templated":true}]}}