{"id":11311,"date":"2025-07-22T12:56:24","date_gmt":"2025-07-22T09:56:24","guid":{"rendered":"https:\/\/www.ivaperfume.com\/?post_type=product&#038;p=11311"},"modified":"2026-03-19T16:38:56","modified_gmt":"2026-03-19T13:38:56","slug":"e-024","status":"publish","type":"product","link":"https:\/\/www.ivaperfume.com\/?product=e-024","title":{"rendered":"E 024 SAUVAGE"},"content":{"rendered":"<p>tazeli\u011fi ve mask\u00fclen g\u00fcc\u00fc bir araya getiren modern bir klasiktir. Bergamotun ferahl\u0131\u011f\u0131, amber ve odunsu notalarla bulu\u015farak \u00e7arp\u0131c\u0131 bir etki yarat\u0131r. \u00d6zg\u00fcrl\u00fc\u011f\u00fc, do\u011fall\u0131\u011f\u0131 ve karizmay\u0131 yans\u0131tan cesur bir koku arayan erkekler i\u00e7in tasarland\u0131.<br \/>\n(\u00dcR\u00dcN FOTO\u011eRAFTAK\u0130 3 \u015e\u0130\u015eEDEN B\u0130R\u0130NDE GELECEKT\u0130R. N\u0130CHE SER\u0130S\u0130D\u0130R.)<\/p>\n","protected":false},"excerpt":{"rendered":"<p>tazeli\u011fi ve mask\u00fclen g\u00fcc\u00fc bir araya getiren modern bir klasiktir. Bergamotun ferahl\u0131\u011f\u0131, amber ve odunsu notalarla bulu\u015farak \u00e7arp\u0131c\u0131 bir etki<\/p>\n","protected":false},"featured_media":11338,"comment_status":"open","ping_status":"closed","template":"","meta":[],"product_brand":[131],"product_cat":[129],"product_tag":[],"class_list":{"0":"post-11311","1":"product","2":"type-product","3":"status-publish","4":"has-post-thumbnail","6":"product_brand-iva","7":"product_cat-erkek-parfumleri","9":"first","10":"instock","11":"sale","12":"shipping-taxable","13":"purchasable","14":"product-type-simple"},"_links":{"self":[{"href":"https:\/\/www.ivaperfume.com\/index.php?rest_route=\/wp\/v2\/product\/11311","targetHints":{"allow":["GET"]}}],"collection":[{"href":"https:\/\/www.ivaperfume.com\/index.php?rest_route=\/wp\/v2\/product"}],"about":[{"href":"https:\/\/www.ivaperfume.com\/index.php?rest_route=\/wp\/v2\/types\/product"}],"replies":[{"embeddable":true,"href":"https:\/\/www.ivaperfume.com\/index.php?rest_route=%2Fwp%2Fv2%2Fcomments&post=11311"}],"version-history":[{"count":3,"href":"https:\/\/www.ivaperfume.com\/index.php?rest_route=\/wp\/v2\/product\/11311\/revisions"}],"predecessor-version":[{"id":11597,"href":"https:\/\/www.ivaperfume.com\/index.php?rest_route=\/wp\/v2\/product\/11311\/revisions\/11597"}],"wp:featuredmedia":[{"embeddable":true,"href":"https:\/\/www.ivaperfume.com\/index.php?rest_route=\/wp\/v2\/media\/11338"}],"wp:attachment":[{"href":"https:\/\/www.ivaperfume.com\/index.php?rest_route=%2Fwp%2Fv2%2Fmedia&parent=11311"}],"wp:term":[{"taxonomy":"product_brand","embeddable":true,"href":"https:\/\/www.ivaperfume.com\/index.php?rest_route=%2Fwp%2Fv2%2Fproduct_brand&post=11311"},{"taxonomy":"product_cat","embeddable":true,"href":"https:\/\/www.ivaperfume.com\/index.php?rest_route=%2Fwp%2Fv2%2Fproduct_cat&post=11311"},{"taxonomy":"product_tag","embeddable":true,"href":"https:\/\/www.ivaperfume.com\/index.php?rest_route=%2Fwp%2Fv2%2Fproduct_tag&post=11311"}],"curies":[{"name":"wp","href":"https:\/\/api.w.org\/{rel}","templated":true}]}}