{"id":10945,"date":"2025-07-09T20:24:19","date_gmt":"2025-07-09T17:24:19","guid":{"rendered":"https:\/\/www.ivaperfume.com\/?post_type=product&#038;p=10945"},"modified":"2026-02-11T19:38:20","modified_gmt":"2026-02-11T16:38:20","slug":"iva-i-022-e-2","status":"publish","type":"product","link":"https:\/\/www.ivaperfume.com\/?product=iva-i-022-e-2","title":{"rendered":"E 015 AFR\u0130CAN LEATHER"},"content":{"rendered":"<p>Afrika \u00e7\u00f6llerinden esen baharatl\u0131 bir r\u00fczgar&#8230; Deri, safran ve kakuleyle vah\u015fi ve ba\u015ftan \u00e7\u0131kar\u0131c\u0131 bir iz b\u0131rak\u0131r. Cesur, egzotik ve unutulmaz bir imza koku.<br \/>\n(\u00dcR\u00dcN FOTO\u011eRAFTAK\u0130 3 \u015e\u0130\u015eEDEN B\u0130R\u0130NDE GELECEKT\u0130R. N\u0130CHE SER\u0130S\u0130D\u0130R.)<\/p>\n","protected":false},"excerpt":{"rendered":"<p>Mistik sedir ve beyaz misk dokunu\u015flar\u0131yla sakin ama etkileyici bir atmosfer sunar.<\/p>\n","protected":false},"featured_media":11362,"comment_status":"open","ping_status":"closed","template":"","meta":[],"product_brand":[131],"product_cat":[129],"product_tag":[],"class_list":{"0":"post-10945","1":"product","2":"type-product","3":"status-publish","4":"has-post-thumbnail","6":"product_brand-iva","7":"product_cat-erkek-parfumleri","9":"first","10":"instock","11":"sale","12":"shipping-taxable","13":"purchasable","14":"product-type-simple"},"_links":{"self":[{"href":"https:\/\/www.ivaperfume.com\/index.php?rest_route=\/wp\/v2\/product\/10945","targetHints":{"allow":["GET"]}}],"collection":[{"href":"https:\/\/www.ivaperfume.com\/index.php?rest_route=\/wp\/v2\/product"}],"about":[{"href":"https:\/\/www.ivaperfume.com\/index.php?rest_route=\/wp\/v2\/types\/product"}],"replies":[{"embeddable":true,"href":"https:\/\/www.ivaperfume.com\/index.php?rest_route=%2Fwp%2Fv2%2Fcomments&post=10945"}],"version-history":[{"count":8,"href":"https:\/\/www.ivaperfume.com\/index.php?rest_route=\/wp\/v2\/product\/10945\/revisions"}],"predecessor-version":[{"id":11608,"href":"https:\/\/www.ivaperfume.com\/index.php?rest_route=\/wp\/v2\/product\/10945\/revisions\/11608"}],"wp:featuredmedia":[{"embeddable":true,"href":"https:\/\/www.ivaperfume.com\/index.php?rest_route=\/wp\/v2\/media\/11362"}],"wp:attachment":[{"href":"https:\/\/www.ivaperfume.com\/index.php?rest_route=%2Fwp%2Fv2%2Fmedia&parent=10945"}],"wp:term":[{"taxonomy":"product_brand","embeddable":true,"href":"https:\/\/www.ivaperfume.com\/index.php?rest_route=%2Fwp%2Fv2%2Fproduct_brand&post=10945"},{"taxonomy":"product_cat","embeddable":true,"href":"https:\/\/www.ivaperfume.com\/index.php?rest_route=%2Fwp%2Fv2%2Fproduct_cat&post=10945"},{"taxonomy":"product_tag","embeddable":true,"href":"https:\/\/www.ivaperfume.com\/index.php?rest_route=%2Fwp%2Fv2%2Fproduct_tag&post=10945"}],"curies":[{"name":"wp","href":"https:\/\/api.w.org\/{rel}","templated":true}]}}