{"id":10941,"date":"2025-07-09T20:22:12","date_gmt":"2025-07-09T17:22:12","guid":{"rendered":"https:\/\/www.ivaperfume.com\/?post_type=product&#038;p=10941"},"modified":"2026-03-19T16:41:11","modified_gmt":"2026-03-19T13:41:11","slug":"iva-i-020-e","status":"publish","type":"product","link":"https:\/\/www.ivaperfume.com\/?product=iva-i-020-e","title":{"rendered":"E 014 MEGAMER"},"content":{"rendered":"<p>Taze turun\u00e7giller ve baharatla a\u00e7\u0131l\u0131r, odunsu ve misk notalar\u0131yla derinle\u015fir. Kal\u0131c\u0131, modern ve enerjik bir erkek parf\u00fcm\u00fc. G\u00fcnl\u00fck kullan\u0131ma yak\u0131\u015f\u0131r, la haval\u0131 kokar.<br \/>\n(\u00dcR\u00dcN FOTO\u011eRAFTAK\u0130 3 \u015e\u0130\u015eEDEN B\u0130R\u0130NDE GELECEKT\u0130R. N\u0130CHE SER\u0130S\u0130D\u0130R.)<\/p>\n","protected":false},"excerpt":{"rendered":"<p>Taze turun\u00e7giller ve baharatla a\u00e7\u0131l\u0131r, odunsu ve misk notalar\u0131yla derinle\u015fir. Kal\u0131c\u0131, modern ve enerjik bir erkek parf\u00fcm\u00fc. G\u00fcnl\u00fck kullan\u0131ma yak\u0131\u015f\u0131r,<\/p>\n","protected":false},"featured_media":11360,"comment_status":"open","ping_status":"closed","template":"","meta":[],"product_brand":[131],"product_cat":[129],"product_tag":[],"class_list":{"0":"post-10941","1":"product","2":"type-product","3":"status-publish","4":"has-post-thumbnail","6":"product_brand-iva","7":"product_cat-erkek-parfumleri","9":"first","10":"instock","11":"sale","12":"shipping-taxable","13":"purchasable","14":"product-type-simple"},"_links":{"self":[{"href":"https:\/\/www.ivaperfume.com\/index.php?rest_route=\/wp\/v2\/product\/10941","targetHints":{"allow":["GET"]}}],"collection":[{"href":"https:\/\/www.ivaperfume.com\/index.php?rest_route=\/wp\/v2\/product"}],"about":[{"href":"https:\/\/www.ivaperfume.com\/index.php?rest_route=\/wp\/v2\/types\/product"}],"replies":[{"embeddable":true,"href":"https:\/\/www.ivaperfume.com\/index.php?rest_route=%2Fwp%2Fv2%2Fcomments&post=10941"}],"version-history":[{"count":8,"href":"https:\/\/www.ivaperfume.com\/index.php?rest_route=\/wp\/v2\/product\/10941\/revisions"}],"predecessor-version":[{"id":11586,"href":"https:\/\/www.ivaperfume.com\/index.php?rest_route=\/wp\/v2\/product\/10941\/revisions\/11586"}],"wp:featuredmedia":[{"embeddable":true,"href":"https:\/\/www.ivaperfume.com\/index.php?rest_route=\/wp\/v2\/media\/11360"}],"wp:attachment":[{"href":"https:\/\/www.ivaperfume.com\/index.php?rest_route=%2Fwp%2Fv2%2Fmedia&parent=10941"}],"wp:term":[{"taxonomy":"product_brand","embeddable":true,"href":"https:\/\/www.ivaperfume.com\/index.php?rest_route=%2Fwp%2Fv2%2Fproduct_brand&post=10941"},{"taxonomy":"product_cat","embeddable":true,"href":"https:\/\/www.ivaperfume.com\/index.php?rest_route=%2Fwp%2Fv2%2Fproduct_cat&post=10941"},{"taxonomy":"product_tag","embeddable":true,"href":"https:\/\/www.ivaperfume.com\/index.php?rest_route=%2Fwp%2Fv2%2Fproduct_tag&post=10941"}],"curies":[{"name":"wp","href":"https:\/\/api.w.org\/{rel}","templated":true}]}}