{"id":10930,"date":"2025-07-09T20:17:26","date_gmt":"2025-07-09T17:17:26","guid":{"rendered":"https:\/\/www.ivaperfume.com\/?post_type=product&#038;p=10930"},"modified":"2025-12-30T00:42:48","modified_gmt":"2025-12-29T21:42:48","slug":"iva-i-015-e","status":"publish","type":"product","link":"https:\/\/www.ivaperfume.com\/?product=iva-i-015-e","title":{"rendered":"E 011 INVICTUS"},"content":{"rendered":"<p>Greyfurt ve deniz notalar\u0131yla ferah a\u00e7\u0131l\u0131r, yasemin ve defneyle canlan\u0131r. Me\u015fe yosunu ve amberle mask\u00fclen, enerjik ve kal\u0131c\u0131 bir koku. G\u00fcnl\u00fck ve spor kullan\u0131ma tam uyum.<br \/>\n(\u00dcR\u00dcN FOTO\u011eRAFTAK\u0130 3 \u015e\u0130\u015eEDEN B\u0130R\u0130NDE GELECEKT\u0130R. N\u0130CHE SER\u0130S\u0130D\u0130R.)<\/p>\n","protected":false},"excerpt":{"rendered":"<p>Greyfurt ve deniz notalar\u0131yla ferah a\u00e7\u0131l\u0131r, yasemin ve defneyle canlan\u0131r. Me\u015fe yosunu ve amberle mask\u00fclen, enerjik ve kal\u0131c\u0131 bir koku.<\/p>\n","protected":false},"featured_media":11337,"comment_status":"open","ping_status":"closed","template":"","meta":[],"product_brand":[131],"product_cat":[129],"product_tag":[],"class_list":{"0":"post-10930","1":"product","2":"type-product","3":"status-publish","4":"has-post-thumbnail","6":"product_brand-iva","7":"product_cat-erkek-parfumleri","9":"first","10":"instock","11":"shipping-taxable","12":"purchasable","13":"product-type-simple"},"_links":{"self":[{"href":"https:\/\/www.ivaperfume.com\/index.php?rest_route=\/wp\/v2\/product\/10930","targetHints":{"allow":["GET"]}}],"collection":[{"href":"https:\/\/www.ivaperfume.com\/index.php?rest_route=\/wp\/v2\/product"}],"about":[{"href":"https:\/\/www.ivaperfume.com\/index.php?rest_route=\/wp\/v2\/types\/product"}],"replies":[{"embeddable":true,"href":"https:\/\/www.ivaperfume.com\/index.php?rest_route=%2Fwp%2Fv2%2Fcomments&post=10930"}],"version-history":[{"count":7,"href":"https:\/\/www.ivaperfume.com\/index.php?rest_route=\/wp\/v2\/product\/10930\/revisions"}],"predecessor-version":[{"id":11666,"href":"https:\/\/www.ivaperfume.com\/index.php?rest_route=\/wp\/v2\/product\/10930\/revisions\/11666"}],"wp:featuredmedia":[{"embeddable":true,"href":"https:\/\/www.ivaperfume.com\/index.php?rest_route=\/wp\/v2\/media\/11337"}],"wp:attachment":[{"href":"https:\/\/www.ivaperfume.com\/index.php?rest_route=%2Fwp%2Fv2%2Fmedia&parent=10930"}],"wp:term":[{"taxonomy":"product_brand","embeddable":true,"href":"https:\/\/www.ivaperfume.com\/index.php?rest_route=%2Fwp%2Fv2%2Fproduct_brand&post=10930"},{"taxonomy":"product_cat","embeddable":true,"href":"https:\/\/www.ivaperfume.com\/index.php?rest_route=%2Fwp%2Fv2%2Fproduct_cat&post=10930"},{"taxonomy":"product_tag","embeddable":true,"href":"https:\/\/www.ivaperfume.com\/index.php?rest_route=%2Fwp%2Fv2%2Fproduct_tag&post=10930"}],"curies":[{"name":"wp","href":"https:\/\/api.w.org\/{rel}","templated":true}]}}