{"id":10928,"date":"2025-07-09T20:13:48","date_gmt":"2025-07-09T17:13:48","guid":{"rendered":"https:\/\/www.ivaperfume.com\/?post_type=product&#038;p=10928"},"modified":"2025-12-28T00:34:04","modified_gmt":"2025-12-27T21:34:04","slug":"iva-i-014-e","status":"publish","type":"product","link":"https:\/\/www.ivaperfume.com\/?product=iva-i-014-e","title":{"rendered":"E 010 D&#8217;HERMES"},"content":{"rendered":"<p><span class=\"relative -mx-px my-[-0.2rem] rounded px-px py-[0.2rem] transition-colors duration-100 ease-in-out\">Narenciye ve biberin canl\u0131 a\u00e7\u0131l\u0131\u015f\u0131, \u00e7akmakta\u015f\u0131 ve sardunya ile mineral bir dokunu\u015f kazan\u0131r.<\/span> <span class=\"relative -mx-px my-[-0.2rem] rounded px-px py-[0.2rem] transition-colors duration-100 ease-in-out\">Dip notalarda odunsu sedir, pa\u00e7uli ve me\u015fe yosunu ile toprakla bulu\u015fur.<\/span> <span class=\"relative -mx-px my-[-0.2rem] rounded px-px py-[0.2rem] transition-colors duration-100 ease-in-out\">Klasik ve sofistike bir parf\u00fcm arayan erkekler i\u00e7in ideal.<\/span> <span class=\"relative -mx-px my-[-0.2rem] rounded px-px py-[0.2rem] transition-colors duration-100 ease-in-out\">G\u00fcnl\u00fck kullan\u0131ma uygun, kal\u0131c\u0131 ve etkileyici bir imza kokusu.<br \/>\n(\u00dcR\u00dcN FOTO\u011eRAFTAK\u0130 3 \u015e\u0130\u015eEDEN B\u0130R\u0130NDE GELECEKT\u0130R. N\u0130CHE SER\u0130S\u0130D\u0130R.)<br \/>\n<\/span><\/p>\n","protected":false},"excerpt":{"rendered":"<p>Narenciye ve biberin canl\u0131 a\u00e7\u0131l\u0131\u015f\u0131, \u00e7akmakta\u015f\u0131 ve sardunya ile mineral bir dokunu\u015f kazan\u0131r. Dip notalarda odunsu sedir, pa\u00e7uli ve me\u015fe<\/p>\n","protected":false},"featured_media":11336,"comment_status":"open","ping_status":"closed","template":"","meta":[],"product_brand":[131],"product_cat":[129],"product_tag":[],"class_list":{"0":"post-10928","1":"product","2":"type-product","3":"status-publish","4":"has-post-thumbnail","6":"product_brand-iva","7":"product_cat-erkek-parfumleri","9":"first","10":"instock","11":"shipping-taxable","12":"purchasable","13":"product-type-simple"},"_links":{"self":[{"href":"https:\/\/www.ivaperfume.com\/index.php?rest_route=\/wp\/v2\/product\/10928","targetHints":{"allow":["GET"]}}],"collection":[{"href":"https:\/\/www.ivaperfume.com\/index.php?rest_route=\/wp\/v2\/product"}],"about":[{"href":"https:\/\/www.ivaperfume.com\/index.php?rest_route=\/wp\/v2\/types\/product"}],"replies":[{"embeddable":true,"href":"https:\/\/www.ivaperfume.com\/index.php?rest_route=%2Fwp%2Fv2%2Fcomments&post=10928"}],"version-history":[{"count":7,"href":"https:\/\/www.ivaperfume.com\/index.php?rest_route=\/wp\/v2\/product\/10928\/revisions"}],"predecessor-version":[{"id":11582,"href":"https:\/\/www.ivaperfume.com\/index.php?rest_route=\/wp\/v2\/product\/10928\/revisions\/11582"}],"wp:featuredmedia":[{"embeddable":true,"href":"https:\/\/www.ivaperfume.com\/index.php?rest_route=\/wp\/v2\/media\/11336"}],"wp:attachment":[{"href":"https:\/\/www.ivaperfume.com\/index.php?rest_route=%2Fwp%2Fv2%2Fmedia&parent=10928"}],"wp:term":[{"taxonomy":"product_brand","embeddable":true,"href":"https:\/\/www.ivaperfume.com\/index.php?rest_route=%2Fwp%2Fv2%2Fproduct_brand&post=10928"},{"taxonomy":"product_cat","embeddable":true,"href":"https:\/\/www.ivaperfume.com\/index.php?rest_route=%2Fwp%2Fv2%2Fproduct_cat&post=10928"},{"taxonomy":"product_tag","embeddable":true,"href":"https:\/\/www.ivaperfume.com\/index.php?rest_route=%2Fwp%2Fv2%2Fproduct_tag&post=10928"}],"curies":[{"name":"wp","href":"https:\/\/api.w.org\/{rel}","templated":true}]}}