{"id":10914,"date":"2025-07-09T19:59:04","date_gmt":"2025-07-09T16:59:04","guid":{"rendered":"https:\/\/www.ivaperfume.com\/?post_type=product&#038;p=10914"},"modified":"2025-12-30T00:43:15","modified_gmt":"2025-12-29T21:43:15","slug":"iva-i-007-e","status":"publish","type":"product","link":"https:\/\/www.ivaperfume.com\/?product=iva-i-007-e","title":{"rendered":"E 005 CLIVE"},"content":{"rendered":"<p>Narenciye ve bergamotun canl\u0131 a\u00e7\u0131l\u0131\u015f\u0131, yasemin ve lavanta ile ferahlat\u0131r. Dipte misk ve amberle s\u0131cak, dengeli ve sofistike bir parf\u00fcm. Hem g\u00fcnd\u00fcz hem geceye uyum sa\u011flar.<br \/>\n(\u00dcR\u00dcN FOTO\u011eRAFTAK\u0130 3 \u015e\u0130\u015eEDEN B\u0130R\u0130NDE GELECEKT\u0130R. N\u0130CHE SER\u0130S\u0130D\u0130R.)<\/p>\n","protected":false},"excerpt":{"rendered":"<p>Narenciye ve bergamotun canl\u0131 a\u00e7\u0131l\u0131\u015f\u0131, yasemin ve lavanta ile ferahlat\u0131r. Dipte misk ve amberle s\u0131cak, dengeli ve sofistike bir parf\u00fcm.<\/p>\n","protected":false},"featured_media":11332,"comment_status":"open","ping_status":"closed","template":"","meta":[],"product_brand":[131],"product_cat":[129],"product_tag":[],"class_list":{"0":"post-10914","1":"product","2":"type-product","3":"status-publish","4":"has-post-thumbnail","6":"product_brand-iva","7":"product_cat-erkek-parfumleri","9":"first","10":"instock","11":"sale","12":"shipping-taxable","13":"purchasable","14":"product-type-simple"},"_links":{"self":[{"href":"https:\/\/www.ivaperfume.com\/index.php?rest_route=\/wp\/v2\/product\/10914","targetHints":{"allow":["GET"]}}],"collection":[{"href":"https:\/\/www.ivaperfume.com\/index.php?rest_route=\/wp\/v2\/product"}],"about":[{"href":"https:\/\/www.ivaperfume.com\/index.php?rest_route=\/wp\/v2\/types\/product"}],"replies":[{"embeddable":true,"href":"https:\/\/www.ivaperfume.com\/index.php?rest_route=%2Fwp%2Fv2%2Fcomments&post=10914"}],"version-history":[{"count":7,"href":"https:\/\/www.ivaperfume.com\/index.php?rest_route=\/wp\/v2\/product\/10914\/revisions"}],"predecessor-version":[{"id":11669,"href":"https:\/\/www.ivaperfume.com\/index.php?rest_route=\/wp\/v2\/product\/10914\/revisions\/11669"}],"wp:featuredmedia":[{"embeddable":true,"href":"https:\/\/www.ivaperfume.com\/index.php?rest_route=\/wp\/v2\/media\/11332"}],"wp:attachment":[{"href":"https:\/\/www.ivaperfume.com\/index.php?rest_route=%2Fwp%2Fv2%2Fmedia&parent=10914"}],"wp:term":[{"taxonomy":"product_brand","embeddable":true,"href":"https:\/\/www.ivaperfume.com\/index.php?rest_route=%2Fwp%2Fv2%2Fproduct_brand&post=10914"},{"taxonomy":"product_cat","embeddable":true,"href":"https:\/\/www.ivaperfume.com\/index.php?rest_route=%2Fwp%2Fv2%2Fproduct_cat&post=10914"},{"taxonomy":"product_tag","embeddable":true,"href":"https:\/\/www.ivaperfume.com\/index.php?rest_route=%2Fwp%2Fv2%2Fproduct_tag&post=10914"}],"curies":[{"name":"wp","href":"https:\/\/api.w.org\/{rel}","templated":true}]}}