{"id":10910,"date":"2025-07-09T19:56:59","date_gmt":"2025-07-09T16:56:59","guid":{"rendered":"https:\/\/www.ivaperfume.com\/?post_type=product&#038;p=10910"},"modified":"2025-12-28T01:34:21","modified_gmt":"2025-12-27T22:34:21","slug":"iva-i-005-e","status":"publish","type":"product","link":"https:\/\/www.ivaperfume.com\/?product=iva-i-005-e","title":{"rendered":"E 003 BLACK CODE"},"content":{"rendered":"<p>Taze bergamot ve limonun enerji dolu a\u00e7\u0131l\u0131\u015f\u0131, anason ve tar\u00e7\u0131nla baharatlan\u0131r. Kalpte misk ve deri notalar\u0131yla erkeksi ve \u00e7ekici bir imza b\u0131rak\u0131r. Geceye damga vuran karizma.<br \/>\n(\u00dcR\u00dcN FOTO\u011eRAFTAK\u0130 3 \u015e\u0130\u015eEDEN B\u0130R\u0130NDE GELECEKT\u0130R. N\u0130CHE SER\u0130S\u0130D\u0130R.)<\/p>\n","protected":false},"excerpt":{"rendered":"<p>Taze bergamot ve limonun enerji dolu a\u00e7\u0131l\u0131\u015f\u0131, anason ve tar\u00e7\u0131nla baharatlan\u0131r. Kalpte misk ve deri notalar\u0131yla erkeksi ve \u00e7ekici bir<\/p>\n","protected":false},"featured_media":11330,"comment_status":"open","ping_status":"closed","template":"","meta":[],"product_brand":[131],"product_cat":[129],"product_tag":[],"class_list":{"0":"post-10910","1":"product","2":"type-product","3":"status-publish","4":"has-post-thumbnail","6":"product_brand-iva","7":"product_cat-erkek-parfumleri","9":"first","10":"instock","11":"shipping-taxable","12":"purchasable","13":"product-type-simple"},"_links":{"self":[{"href":"https:\/\/www.ivaperfume.com\/index.php?rest_route=\/wp\/v2\/product\/10910","targetHints":{"allow":["GET"]}}],"collection":[{"href":"https:\/\/www.ivaperfume.com\/index.php?rest_route=\/wp\/v2\/product"}],"about":[{"href":"https:\/\/www.ivaperfume.com\/index.php?rest_route=\/wp\/v2\/types\/product"}],"replies":[{"embeddable":true,"href":"https:\/\/www.ivaperfume.com\/index.php?rest_route=%2Fwp%2Fv2%2Fcomments&post=10910"}],"version-history":[{"count":6,"href":"https:\/\/www.ivaperfume.com\/index.php?rest_route=\/wp\/v2\/product\/10910\/revisions"}],"predecessor-version":[{"id":11615,"href":"https:\/\/www.ivaperfume.com\/index.php?rest_route=\/wp\/v2\/product\/10910\/revisions\/11615"}],"wp:featuredmedia":[{"embeddable":true,"href":"https:\/\/www.ivaperfume.com\/index.php?rest_route=\/wp\/v2\/media\/11330"}],"wp:attachment":[{"href":"https:\/\/www.ivaperfume.com\/index.php?rest_route=%2Fwp%2Fv2%2Fmedia&parent=10910"}],"wp:term":[{"taxonomy":"product_brand","embeddable":true,"href":"https:\/\/www.ivaperfume.com\/index.php?rest_route=%2Fwp%2Fv2%2Fproduct_brand&post=10910"},{"taxonomy":"product_cat","embeddable":true,"href":"https:\/\/www.ivaperfume.com\/index.php?rest_route=%2Fwp%2Fv2%2Fproduct_cat&post=10910"},{"taxonomy":"product_tag","embeddable":true,"href":"https:\/\/www.ivaperfume.com\/index.php?rest_route=%2Fwp%2Fv2%2Fproduct_tag&post=10910"}],"curies":[{"name":"wp","href":"https:\/\/api.w.org\/{rel}","templated":true}]}}