{"id":10635,"date":"2025-05-03T12:30:27","date_gmt":"2025-05-03T09:30:27","guid":{"rendered":"https:\/\/www.ivaperfume.com\/?page_id=10635"},"modified":"2025-07-11T22:53:50","modified_gmt":"2025-07-11T19:53:50","slug":"hakkimizda","status":"publish","type":"page","link":"https:\/\/www.ivaperfume.com\/?page_id=10635","title":{"rendered":"Hakk\u0131m\u0131zda"},"content":{"rendered":"\n<p>Kokunun iz b\u0131rakan bir sanat oldu\u011funa inan\u0131yoruz.<\/p>\n\n\n\n<p>20 y\u0131l\u0131 a\u015fk\u0131n s\u00fcredir, parf\u00fcm ve misk ya\u011flar\u0131n\u0131n b\u00fcy\u00fcl\u00fc d\u00fcnyas\u0131nda iz b\u0131rakan tasar\u0131mlar\u0131m\u0131za imzam\u0131z\u0131 at\u0131yoruz. Do\u011fal esanslar\u0131n incelikle harmanland\u0131\u011f\u0131, duygular\u0131 harekete ge\u00e7iren \u00f6zg\u00fcn kokular yaratmak, bizim i\u00e7in sadece bir i\u015f de\u011fil; tutkuyla s\u00fcrd\u00fcr\u00fclen bir ya\u015fam bi\u00e7imi.<\/p>\n\n\n\n<p>Kuruldu\u011fumuz ilk g\u00fcnden bu yana do\u011fall\u0131k, kalite ve zarafeti \u00f6n planda tutarak; her bir damlas\u0131 ustal\u0131kla tasarlanm\u0131\u015f \u00f6zel parf\u00fcmler ve saf misk ya\u011flar\u0131 sunuyoruz. Geleneksel kokuculuk anlay\u0131\u015f\u0131n\u0131 modern tasar\u0131mlarla birle\u015ftiriyor; hem klasik severlere hem de yenilik arayanlara hitap eden koleksiyonlar geli\u015ftiriyoruz.<\/p>\n\n\n\n<p>Uzman koku tasar\u0131mc\u0131lar\u0131m\u0131z\u0131n ellerinde \u015fekillenen her \u00fcr\u00fcn, \u00f6zenle se\u00e7ilmi\u015f hammaddelerle, sab\u0131r ve deneyimin birle\u015fimiyle haz\u0131rlan\u0131r. Sadece bir parf\u00fcm de\u011fil, ki\u015finin karakterini yans\u0131tan bir imza b\u0131rak\u0131r.<\/p>\n\n\n\n<p>Bug\u00fcn, yerel esans miras\u0131n\u0131 k\u00fcresel be\u011feniyle bulu\u015fturan bir marka olarak; kal\u0131c\u0131 izler b\u0131rakmaya, hik\u00e2yeler anlatmaya ve duygular\u0131 kokularla ifade etmeye devam ediyoruz.<\/p>\n\n\n\n<p><strong>\u00c7\u00fcnk\u00fc bizce koku, hat\u0131rlanman\u0131n en zarif yoludur.<\/strong><\/p>\n","protected":false},"excerpt":{"rendered":"<p>Kokunun iz b\u0131rakan bir sanat oldu\u011funa inan\u0131yoruz. 20 y\u0131l\u0131 a\u015fk\u0131n s\u00fcredir, parf\u00fcm ve misk ya\u011flar\u0131n\u0131n b\u00fcy\u00fcl\u00fc d\u00fcnyas\u0131nda iz b\u0131rakan tasar\u0131mlar\u0131m\u0131za<\/p>\n","protected":false},"author":1,"featured_media":0,"parent":0,"menu_order":0,"comment_status":"closed","ping_status":"closed","template":"","meta":{"footnotes":""},"class_list":["post-10635","page","type-page","status-publish","hentry"],"_links":{"self":[{"href":"https:\/\/www.ivaperfume.com\/index.php?rest_route=\/wp\/v2\/pages\/10635","targetHints":{"allow":["GET"]}}],"collection":[{"href":"https:\/\/www.ivaperfume.com\/index.php?rest_route=\/wp\/v2\/pages"}],"about":[{"href":"https:\/\/www.ivaperfume.com\/index.php?rest_route=\/wp\/v2\/types\/page"}],"author":[{"embeddable":true,"href":"https:\/\/www.ivaperfume.com\/index.php?rest_route=\/wp\/v2\/users\/1"}],"replies":[{"embeddable":true,"href":"https:\/\/www.ivaperfume.com\/index.php?rest_route=%2Fwp%2Fv2%2Fcomments&post=10635"}],"version-history":[{"count":2,"href":"https:\/\/www.ivaperfume.com\/index.php?rest_route=\/wp\/v2\/pages\/10635\/revisions"}],"predecessor-version":[{"id":11138,"href":"https:\/\/www.ivaperfume.com\/index.php?rest_route=\/wp\/v2\/pages\/10635\/revisions\/11138"}],"wp:attachment":[{"href":"https:\/\/www.ivaperfume.com\/index.php?rest_route=%2Fwp%2Fv2%2Fmedia&parent=10635"}],"curies":[{"name":"wp","href":"https:\/\/api.w.org\/{rel}","templated":true}]}}